{"id":1419,"date":"2018-04-27T21:51:47","date_gmt":"2018-04-27T21:51:47","guid":{"rendered":"http:\/\/localhost\/observatorio\/?page_id=1419"},"modified":"2018-04-27T22:01:29","modified_gmt":"2018-04-27T22:01:29","slug":"narcotrafico-y-delitos-conexos","status":"publish","type":"page","link":"https:\/\/www.seguridad.gob.sv\/cna\/?page_id=1419","title":{"rendered":"NARCOTRAFICO Y DELITOS CONEXOS"},"content":{"rendered":"<p style=\"text-align: justify;\">Los planes y programas de reducci\u00f3n de la oferta exigen la adopci\u00f3n y el perfeccionamiento de medidas integrales y equilibradas, destinadas a reducir la disponibilidad de drogas, y deben enfocarse en prevenir el cultivo y la fabricaci\u00f3n il\u00edcita de drogas de origen natural y sint\u00e9tico, incluyendo la adopci\u00f3n de controles nacionales apropiados de precursores, el control de comercio internacional en precursores qu\u00edmicos, de acuerdo con el marco establecido en las Convenciones sobre Drogas de las Naciones Unidas, y la aplicaci\u00f3n de la ley para prevenir el cultivo y la fabricaci\u00f3n y el tr\u00e1fico il\u00edcito de este tipo de sustancias. As\u00ed como responder a los retos que plantean los v\u00ednculos cada vez mayores entre el tr\u00e1fico de drogas, la corrupci\u00f3n y otras formas de delincuencia organizada, como la trata de personas, el tr\u00e1fico de armas de fuego, sus piezas, componentes y municiones, la ciberdelincuencia, el blanqueo de dinero y, en algunos casos, el terrorismo, incluido el blanqueo de dinero en relaci\u00f3n con la financiaci\u00f3n del terrorismo.<\/p>\n","protected":false},"excerpt":{"rendered":"<p>Los planes y programas de reducci\u00f3n de la oferta exigen la adopci\u00f3n y el perfeccionamiento de medidas integrales y equilibradas, destinadas a reducir la disponibilidad de drogas, y deben enfocarse en prevenir el cultivo&#46;&#46;&#46;<\/p>\n","protected":false},"author":1,"featured_media":0,"parent":0,"menu_order":0,"comment_status":"closed","ping_status":"closed","template":"","meta":[],"_links":{"self":[{"href":"https:\/\/www.seguridad.gob.sv\/cna\/index.php?rest_route=\/wp\/v2\/pages\/1419"}],"collection":[{"href":"https:\/\/www.seguridad.gob.sv\/cna\/index.php?rest_route=\/wp\/v2\/pages"}],"about":[{"href":"https:\/\/www.seguridad.gob.sv\/cna\/index.php?rest_route=\/wp\/v2\/types\/page"}],"author":[{"embeddable":true,"href":"https:\/\/www.seguridad.gob.sv\/cna\/index.php?rest_route=\/wp\/v2\/users\/1"}],"replies":[{"embeddable":true,"href":"https:\/\/www.seguridad.gob.sv\/cna\/index.php?rest_route=%2Fwp%2Fv2%2Fcomments&post=1419"}],"version-history":[{"count":1,"href":"https:\/\/www.seguridad.gob.sv\/cna\/index.php?rest_route=\/wp\/v2\/pages\/1419\/revisions"}],"predecessor-version":[{"id":1420,"href":"https:\/\/www.seguridad.gob.sv\/cna\/index.php?rest_route=\/wp\/v2\/pages\/1419\/revisions\/1420"}],"wp:attachment":[{"href":"https:\/\/www.seguridad.gob.sv\/cna\/index.php?rest_route=%2Fwp%2Fv2%2Fmedia&parent=1419"}],"curies":[{"name":"wp","href":"https:\/\/api.w.org\/{rel}","templated":true}]}}