{"id":143,"date":"2017-07-13T14:28:05","date_gmt":"2017-07-13T14:28:05","guid":{"rendered":"http:\/\/http:\/\/localhost\/?page_id=143"},"modified":"2018-04-27T18:07:43","modified_gmt":"2018-04-27T18:07:43","slug":"institucion","status":"publish","type":"page","link":"https:\/\/www.seguridad.gob.sv\/cna\/?page_id=143","title":{"rendered":"Antecedentes OSD"},"content":{"rendered":"<p style=\"text-align: justify;\">La Comisi\u00f3n Interamericana para el Control del Abuso de Drogas (CICAD) de la Organizaci\u00f3n de los Estados Americanos (OEA) en el a\u00f1o 2000, implement\u00f3 el proyecto \u201cFortalecimiento Institucional de las Comisiones Nacionales Antidrogas de Centroam\u00e9rica\u201d, el cual fue financiado por el Gobierno de Espa\u00f1a. Dicho proyecto ofrec\u00eda a las Comisiones Nacionales de Drogas de los pa\u00edses centroamericanos (Costa Rica, El Salvador, Guatemala, Honduras, Nicaragua y Panam\u00e1) una serie de instrumentos para mejorar su funcionamiento en el \u00e1mbito institucional y su capacidad de recibir, procesar y ofrecer informaci\u00f3n sobre drogas, que incluy\u00f3 el equipamiento inform\u00e1tico y de oficina para la creaci\u00f3n de un Centro de Informaci\u00f3n sobre Drogas con conexi\u00f3n a INTERNET por un a\u00f1o; capacitaci\u00f3n de personal y asesor\u00eda para el fortalecimiento institucional.<\/p>\n<p style=\"text-align: justify;\">Dentro de este contexto, nace el Observatorio Salvadore\u00f1o sobre Drogas, como un \u00f3rgano permanente de la Comisi\u00f3n Nacional Antidrogas (CNA) para centralizar, demandar, recopilar, organizar, analizar y divulgar la informaci\u00f3n y estad\u00edsticas relacionadas con el fen\u00f3meno de las drogas, generadas por diferentes fuentes nacionales, que sirve de base para generar pol\u00edticas y acciones nacionales para prevenir y controlar el problema de las drogas en el pa\u00eds.<\/p>\n<p style=\"text-align: justify;\">Por otra parte, el Observatorio Salvadore\u00f1o sobre Drogas pasa a formar parte del Observatorio Interamericano sobre Drogas (OID) de CICAD-OEA, que es el referente hemisf\u00e9rico de informaci\u00f3n y estad\u00edsticas sobre drogas que ofrece informaci\u00f3n actualizada de manera objetiva, fiable y transparente sobre el fen\u00f3meno de las drogas en el hemisferio.<\/p>\n<p style=\"text-align: justify;\">El Sistema de Informaci\u00f3n sobre Drogas del OID recopila, sistematiza e integra aquella informaci\u00f3n de car\u00e1cter hemisf\u00e9rico sobre demanda y oferta, y todos aquellos aspectos relacionados con la problem\u00e1tica de las drogas de inter\u00e9s para el conjunto de Estados miembros de la OEA. En ese sentido, promueve la generaci\u00f3n y an\u00e1lisis de estad\u00edsticas a trav\u00e9s de los Sistemas Interamericanos de datos uniformes de reducci\u00f3n de la demanda (SIDUC) y de control de la oferta (CICDAT), principalmente a trav\u00e9s de la ampliaci\u00f3n de su cobertura para responder a nuevas necesidades planteadas por la evoluci\u00f3n del problema en el hemisferio y a los requerimientos del Mecanismo de Evaluaci\u00f3n Multilateral MEM).<\/p>\n","protected":false},"excerpt":{"rendered":"<p>La Comisi\u00f3n Interamericana para el Control del Abuso de Drogas (CICAD) de la Organizaci\u00f3n de los Estados Americanos (OEA) en el a\u00f1o 2000, implement\u00f3 el proyecto \u201cFortalecimiento Institucional de las Comisiones Nacionales Antidrogas de&#46;&#46;&#46;<\/p>\n","protected":false},"author":1,"featured_media":0,"parent":15,"menu_order":0,"comment_status":"closed","ping_status":"closed","template":"","meta":[],"_links":{"self":[{"href":"https:\/\/www.seguridad.gob.sv\/cna\/index.php?rest_route=\/wp\/v2\/pages\/143"}],"collection":[{"href":"https:\/\/www.seguridad.gob.sv\/cna\/index.php?rest_route=\/wp\/v2\/pages"}],"about":[{"href":"https:\/\/www.seguridad.gob.sv\/cna\/index.php?rest_route=\/wp\/v2\/types\/page"}],"author":[{"embeddable":true,"href":"https:\/\/www.seguridad.gob.sv\/cna\/index.php?rest_route=\/wp\/v2\/users\/1"}],"replies":[{"embeddable":true,"href":"https:\/\/www.seguridad.gob.sv\/cna\/index.php?rest_route=%2Fwp%2Fv2%2Fcomments&post=143"}],"version-history":[{"count":4,"href":"https:\/\/www.seguridad.gob.sv\/cna\/index.php?rest_route=\/wp\/v2\/pages\/143\/revisions"}],"predecessor-version":[{"id":1382,"href":"https:\/\/www.seguridad.gob.sv\/cna\/index.php?rest_route=\/wp\/v2\/pages\/143\/revisions\/1382"}],"up":[{"embeddable":true,"href":"https:\/\/www.seguridad.gob.sv\/cna\/index.php?rest_route=\/wp\/v2\/pages\/15"}],"wp:attachment":[{"href":"https:\/\/www.seguridad.gob.sv\/cna\/index.php?rest_route=%2Fwp%2Fv2%2Fmedia&parent=143"}],"curies":[{"name":"wp","href":"https:\/\/api.w.org\/{rel}","templated":true}]}}