{"id":1552,"date":"2018-05-04T21:56:31","date_gmt":"2018-05-04T21:56:31","guid":{"rendered":"http:\/\/localhost\/observatorio\/?page_id=1552"},"modified":"2022-08-24T14:05:34","modified_gmt":"2022-08-24T14:05:34","slug":"sitios-de-interes","status":"publish","type":"page","link":"https:\/\/www.seguridad.gob.sv\/cna\/?page_id=1552","title":{"rendered":"Sitios de Inter\u00e9s"},"content":{"rendered":"<ul>\n<li><a href=\"http:\/\/www.seguridad.gob.sv\" target=\"_blank\" rel=\"noopener noreferrer\"><span style=\"font-size: 18pt;\">Ministerio de Justicia y Seguridad P\u00fablica.<\/span><\/a><\/li>\n<li><a href=\"https:\/\/www.medicamentos.gob.sv\/index.php\/es\/\" target=\"_blank\" rel=\"noopener noreferrer\"><span style=\"font-size: 18pt;\">Direcci\u00f3n Nacional de Medicamentos.<\/span><\/a><\/li>\n<li><a href=\"http:\/\/www.salud.gob.sv\/\" target=\"_blank\" rel=\"noopener noreferrer\"><span style=\"font-size: 18pt;\">Ministerio de Salud.<\/span><\/a><\/li>\n<li><a href=\"http:\/\/fosalud.gob.sv\/\" target=\"_blank\" rel=\"noopener noreferrer\"><span style=\"font-size: 18pt;\"> Fosalud<\/span><\/a><\/li>\n<li><a href=\"http:\/\/www.mined.gob.sv\/\" target=\"_blank\" rel=\"noopener noreferrer\"><span style=\"font-size: 18pt;\">Ministerio de Educaci\u00f3n.<\/span><\/a><\/li>\n<li><a href=\"https:\/\/www.fuerzaarmada.mil.sv\/?page_id=682\" target=\"_blank\" rel=\"noopener noreferrer\"><span style=\"font-size: 18pt;\">Ministerio de Defensa.<\/span><\/a><\/li>\n<li><a href=\"http:\/\/www.unodc.org\/\" target=\"_blank\" rel=\"noopener noreferrer\"><span style=\"font-size: 18pt;\">Oficina de Naciones Unidas Contra la Droga y el Del\u00edto (UNODC)<\/span><\/a><\/li>\n<li><a href=\"http:\/\/www.unodc.org\/ropan\/en\/index.html\" target=\"_blank\" rel=\"noopener noreferrer\"><span style=\"font-size: 18pt;\">UNODC Ropan<\/span><\/a><\/li>\n<li><a href=\"http:\/\/copolad.eu\/\" target=\"_blank\" rel=\"noopener noreferrer\"><span style=\"font-size: 18pt;\">Programa de Cooperaci\u00f3n entre Am\u00e9rica Latina, el Caribe y la Uni\u00f3n Europea en Pol\u00edticas sobre Drogas\u00a0 (Copolad)<\/span><\/a><\/li>\n<li><a href=\"http:\/\/www.cicad.oas.org\/main\/default_spa.asp\" target=\"_blank\" rel=\"noopener noreferrer\"><span style=\"font-size: 18pt;\">Comisi\u00f3n Interamericana para el control del abuso de drogas (CICAD-OEA)<\/span><\/a><\/li>\n<li><a href=\"http:\/\/seccatid.gob.gt\/\" target=\"_blank\" rel=\"noopener noreferrer\"><span style=\"font-size: 18pt;\">Secretar\u00eda Ejecutiva de la Comisi\u00f3n contra las Adicciones y el Tr\u00e1fico Il\u00edcito de Drogas de Guatemala (SECCATID)<\/span><\/a><\/li>\n<li><a href=\"http:\/\/senad.gov.py\/\" target=\"_blank\" rel=\"noopener noreferrer\"><span style=\"font-size: 18pt;\">Secretar\u00eda Nacional Antidrogas de Paraguay (SENAD)<\/span><\/a><\/li>\n<li><a href=\"https:\/\/www.gob.mx\/salud\/conadic\" target=\"_blank\" rel=\"noopener noreferrer\"><span style=\"font-size: 18pt;\">Comisi\u00f3n Nacional contra las Adicciones de Mexico (CONADIC)<\/span><\/a><\/li>\n<li><a href=\"https:\/\/www.salud.gob.ec\/el-ministerio-de-salud-y-la-secretaria-tecnica-de-drogas-preparan-proceso-de-transicion\/#\" target=\"_blank\" rel=\"noopener noreferrer\"><span style=\"font-size: 18pt;\">Secretaria de Prevenci\u00f3n de Integral de Drogas, Ecuador<\/span><\/a><\/li>\n<\/ul>\n","protected":false},"excerpt":{"rendered":"<p>Ministerio de Justicia y Seguridad P\u00fablica. Direcci\u00f3n Nacional de Medicamentos. Ministerio de Salud. Fosalud Ministerio de Educaci\u00f3n. Ministerio de Defensa. Oficina de Naciones Unidas Contra la Droga y el Del\u00edto (UNODC) UNODC Ropan Programa&#46;&#46;&#46;<\/p>\n","protected":false},"author":1,"featured_media":0,"parent":0,"menu_order":0,"comment_status":"closed","ping_status":"closed","template":"","meta":[],"_links":{"self":[{"href":"https:\/\/www.seguridad.gob.sv\/cna\/index.php?rest_route=\/wp\/v2\/pages\/1552"}],"collection":[{"href":"https:\/\/www.seguridad.gob.sv\/cna\/index.php?rest_route=\/wp\/v2\/pages"}],"about":[{"href":"https:\/\/www.seguridad.gob.sv\/cna\/index.php?rest_route=\/wp\/v2\/types\/page"}],"author":[{"embeddable":true,"href":"https:\/\/www.seguridad.gob.sv\/cna\/index.php?rest_route=\/wp\/v2\/users\/1"}],"replies":[{"embeddable":true,"href":"https:\/\/www.seguridad.gob.sv\/cna\/index.php?rest_route=%2Fwp%2Fv2%2Fcomments&post=1552"}],"version-history":[{"count":8,"href":"https:\/\/www.seguridad.gob.sv\/cna\/index.php?rest_route=\/wp\/v2\/pages\/1552\/revisions"}],"predecessor-version":[{"id":3847,"href":"https:\/\/www.seguridad.gob.sv\/cna\/index.php?rest_route=\/wp\/v2\/pages\/1552\/revisions\/3847"}],"wp:attachment":[{"href":"https:\/\/www.seguridad.gob.sv\/cna\/index.php?rest_route=%2Fwp%2Fv2%2Fmedia&parent=1552"}],"curies":[{"name":"wp","href":"https:\/\/api.w.org\/{rel}","templated":true}]}}