{"id":181,"date":"2017-07-13T16:45:57","date_gmt":"2017-07-13T16:45:57","guid":{"rendered":"http:\/\/http:\/\/localhost\/?page_id=181"},"modified":"2018-04-27T18:05:43","modified_gmt":"2018-04-27T18:05:43","slug":"direccion-de-atencion-a-victimas","status":"publish","type":"page","link":"https:\/\/www.seguridad.gob.sv\/cna\/?page_id=181","title":{"rendered":"Funciones OSD"},"content":{"rendered":"<ul>\n<li>Establecer protocolos de intercambio institucional y est\u00e1ndares para el procesamiento y an\u00e1lisis estad\u00edstico del fen\u00f3meno de las drogas.<\/li>\n<li>Mejorar los sistemas de recolecci\u00f3n de informaci\u00f3n como:\n<ul style=\"list-style-type: disc;\">\n<li>Encuestas nacionales domiciliarias y escolares.<\/li>\n<li>Investigaciones epidemiol\u00f3gicas.<\/li>\n<li>Sondeo de informaci\u00f3n r\u00e1pidos.<\/li>\n<li>Establecimiento de indicadores.<\/li>\n<\/ul>\n<\/li>\n<li>Identificar zonas geogr\u00e1ficas de mayor riesgo, tendencias de consumo y vulnerabilidades en el control, para la adopci\u00f3n de estrategias de soluci\u00f3n.<\/li>\n<li>Facilitar el an\u00e1lisis y proyecci\u00f3n de la situaci\u00f3n nacional de drogas.<\/li>\n<li>Facilitar el cumplimiento de compromisos institucionales a nivel internacional.<\/li>\n<li>Divulgar los esfuerzos nacionales en la prevenci\u00f3n y combate a la narcoactividad en sus diferentes aspectos.<\/li>\n<li>Disponibilidad de estudios t\u00e9cnico-cient\u00edficos sobre la magnitud y consecuencias del problema de las drogas, tanto en el \u00e1mbito nacional, regional e internacional.<\/li>\n<li>Elaboraci\u00f3n de informes peri\u00f3dicos, estudios e investigaciones sobre drogas en el pa\u00eds, en armon\u00eda con los est\u00e1ndares e indicadores de los sistemas uniformes de recolecci\u00f3n de datos.<\/li>\n<\/ul>\n","protected":false},"excerpt":{"rendered":"<p>Establecer protocolos de intercambio institucional y est\u00e1ndares para el procesamiento y an\u00e1lisis estad\u00edstico del fen\u00f3meno de las drogas. Mejorar los sistemas de recolecci\u00f3n de informaci\u00f3n como: Encuestas nacionales domiciliarias y escolares. Investigaciones epidemiol\u00f3gicas. Sondeo&#46;&#46;&#46;<\/p>\n","protected":false},"author":1,"featured_media":0,"parent":147,"menu_order":0,"comment_status":"closed","ping_status":"closed","template":"","meta":[],"_links":{"self":[{"href":"https:\/\/www.seguridad.gob.sv\/cna\/index.php?rest_route=\/wp\/v2\/pages\/181"}],"collection":[{"href":"https:\/\/www.seguridad.gob.sv\/cna\/index.php?rest_route=\/wp\/v2\/pages"}],"about":[{"href":"https:\/\/www.seguridad.gob.sv\/cna\/index.php?rest_route=\/wp\/v2\/types\/page"}],"author":[{"embeddable":true,"href":"https:\/\/www.seguridad.gob.sv\/cna\/index.php?rest_route=\/wp\/v2\/users\/1"}],"replies":[{"embeddable":true,"href":"https:\/\/www.seguridad.gob.sv\/cna\/index.php?rest_route=%2Fwp%2Fv2%2Fcomments&post=181"}],"version-history":[{"count":6,"href":"https:\/\/www.seguridad.gob.sv\/cna\/index.php?rest_route=\/wp\/v2\/pages\/181\/revisions"}],"predecessor-version":[{"id":1379,"href":"https:\/\/www.seguridad.gob.sv\/cna\/index.php?rest_route=\/wp\/v2\/pages\/181\/revisions\/1379"}],"up":[{"embeddable":true,"href":"https:\/\/www.seguridad.gob.sv\/cna\/index.php?rest_route=\/wp\/v2\/pages\/147"}],"wp:attachment":[{"href":"https:\/\/www.seguridad.gob.sv\/cna\/index.php?rest_route=%2Fwp%2Fv2%2Fmedia&parent=181"}],"curies":[{"name":"wp","href":"https:\/\/api.w.org\/{rel}","templated":true}]}}