{"id":217,"date":"2017-07-13T17:42:55","date_gmt":"2017-07-13T17:42:55","guid":{"rendered":"http:\/\/http:\/\/localhost\/?page_id=217"},"modified":"2018-04-18T20:18:17","modified_gmt":"2018-04-18T20:18:17","slug":"objetivos","status":"publish","type":"page","link":"https:\/\/www.seguridad.gob.sv\/cna\/?page_id=217","title":{"rendered":"Objetivos OSD"},"content":{"rendered":"<p><strong>General<\/strong><\/p>\n<p style=\"text-align: justify;\">Constituir un mecanismo permanente de informaci\u00f3n, consulta y aporte a la investigaci\u00f3n cient\u00edfica, formulaci\u00f3n de pol\u00ed\u00adticas, planes de trabajo y toma de decisiones relacionadas con el fen\u00f3meno de las drogas en El Salvador.<\/p>\n<p><strong>Espec\u00edficos<\/strong><\/p>\n<ul style=\"list-style-type: circle;\">\n<li>Promover la creaci\u00f3n de una base nacional de datos que integre informaci\u00f3n parcialmente dispersa sobre el fen\u00f3meno de las drogas en el pa\u00eds.<\/li>\n<li>Organizar la informaci\u00f3n disponible sobre el fen\u00f3meno de las drogas de acuerdo a est\u00e1ndares e indicadores internacionales.<\/li>\n<li>Promover la investigaci\u00f3n sobre el fen\u00f3meno de las drogas a nivel nacional.<\/li>\n<li>Suministrar en forma peri\u00f3dica estad\u00edsticas globales y espec\u00edficas, an\u00e1lisis, proyecciones y dem\u00e1s informaci\u00e1n generada sobre el fen\u00f3meno de las drogas.<\/li>\n<li>Promover el intercambio peri\u00f3dico y arm\u00f3nico de informaci\u00f3n sobre el fen\u00f3meno de las drogas, con la comunidad cient\u00edfica e investigadora, entidades nacionales, regionales e internacionales.<\/li>\n<li>Facilitar el an\u00e1lisis y proyecci\u00f3n de la situaci\u00f3n nacional de drogas mediante:\n<ul style=\"list-style-type: circle;\">\n<li>Seguimiento de las pol\u00edticas nacionales relacionadas con drogas.<\/li>\n<li>Evaluaci\u00f3n de impacto de acciones dirigidas a reducir la demanda y oferta de drogas en el pa\u00eds.<\/li>\n<li>Detecci\u00f3n de nuevas tendencias y proyecciones de futuro.<\/li>\n<li>An\u00e1lisis permanente de regulaciones e instrumentos internacionales.<\/li>\n<\/ul>\n<\/li>\n<\/ul>\n","protected":false},"excerpt":{"rendered":"<p>General Constituir un mecanismo permanente de informaci\u00f3n, consulta y aporte a la investigaci\u00f3n cient\u00edfica, formulaci\u00f3n de pol\u00ed\u00adticas, planes de trabajo y toma de decisiones relacionadas con el fen\u00f3meno de las drogas en El Salvador.&#46;&#46;&#46;<\/p>\n","protected":false},"author":1,"featured_media":0,"parent":201,"menu_order":0,"comment_status":"closed","ping_status":"closed","template":"","meta":[],"_links":{"self":[{"href":"https:\/\/www.seguridad.gob.sv\/cna\/index.php?rest_route=\/wp\/v2\/pages\/217"}],"collection":[{"href":"https:\/\/www.seguridad.gob.sv\/cna\/index.php?rest_route=\/wp\/v2\/pages"}],"about":[{"href":"https:\/\/www.seguridad.gob.sv\/cna\/index.php?rest_route=\/wp\/v2\/types\/page"}],"author":[{"embeddable":true,"href":"https:\/\/www.seguridad.gob.sv\/cna\/index.php?rest_route=\/wp\/v2\/users\/1"}],"replies":[{"embeddable":true,"href":"https:\/\/www.seguridad.gob.sv\/cna\/index.php?rest_route=%2Fwp%2Fv2%2Fcomments&post=217"}],"version-history":[{"count":4,"href":"https:\/\/www.seguridad.gob.sv\/cna\/index.php?rest_route=\/wp\/v2\/pages\/217\/revisions"}],"predecessor-version":[{"id":862,"href":"https:\/\/www.seguridad.gob.sv\/cna\/index.php?rest_route=\/wp\/v2\/pages\/217\/revisions\/862"}],"up":[{"embeddable":true,"href":"https:\/\/www.seguridad.gob.sv\/cna\/index.php?rest_route=\/wp\/v2\/pages\/201"}],"wp:attachment":[{"href":"https:\/\/www.seguridad.gob.sv\/cna\/index.php?rest_route=%2Fwp%2Fv2%2Fmedia&parent=217"}],"curies":[{"name":"wp","href":"https:\/\/api.w.org\/{rel}","templated":true}]}}