{"id":2601,"date":"2020-07-01T20:16:25","date_gmt":"2020-07-01T20:16:25","guid":{"rendered":"https:\/\/www.seguridad.gob.sv\/cna\/?page_id=2601"},"modified":"2024-08-28T14:48:38","modified_gmt":"2024-08-28T14:48:38","slug":"mission-to-el-salvador-programa-nuevo-amanecer","status":"publish","type":"page","link":"https:\/\/www.seguridad.gob.sv\/cna\/?page_id=2601","title":{"rendered":"MISSION TO EL SALVADOR &#8211; PROGRAMA NUEVO AMANECER"},"content":{"rendered":"<div id=\"pl-2601\"  class=\"panel-layout\" ><div id=\"pg-2601-0\"  class=\"panel-grid panel-no-style\" ><div id=\"pgc-2601-0-0\"  class=\"panel-grid-cell panel-grid-cell-empty\" ><\/div><div id=\"pgc-2601-0-1\"  class=\"panel-grid-cell panel-grid-cell-mobile-last\" ><div id=\"panel-2601-0-1-0\" class=\"so-panel widget widget_media_image panel-first-child panel-last-child\" data-index=\"0\" ><img width=\"800\" height=\"336\" src=\"https:\/\/www.seguridad.gob.sv\/cna\/wp-content\/uploads\/2024\/08\/Mission-to-El-Salvador-y-Sello-1024x430.png\" class=\"image wp-image-5845  attachment-800x336 size-800x336\" alt=\"\" decoding=\"async\" loading=\"lazy\" style=\"max-width: 100%; height: auto;\" srcset=\"https:\/\/www.seguridad.gob.sv\/cna\/wp-content\/uploads\/2024\/08\/Mission-to-El-Salvador-y-Sello-1024x430.png 1024w, https:\/\/www.seguridad.gob.sv\/cna\/wp-content\/uploads\/2024\/08\/Mission-to-El-Salvador-y-Sello-300x126.png 300w, https:\/\/www.seguridad.gob.sv\/cna\/wp-content\/uploads\/2024\/08\/Mission-to-El-Salvador-y-Sello-768x323.png 768w, https:\/\/www.seguridad.gob.sv\/cna\/wp-content\/uploads\/2024\/08\/Mission-to-El-Salvador-y-Sello-1536x646.png 1536w, https:\/\/www.seguridad.gob.sv\/cna\/wp-content\/uploads\/2024\/08\/Mission-to-El-Salvador-y-Sello-2048x861.png 2048w\" sizes=\"(max-width: 800px) 100vw, 800px\" \/><\/div><\/div><div id=\"pgc-2601-0-2\"  class=\"panel-grid-cell panel-grid-cell-empty\" ><\/div><\/div><div id=\"pg-2601-1\"  class=\"panel-grid panel-no-style\" ><div id=\"pgc-2601-1-0\"  class=\"panel-grid-cell panel-grid-cell-empty\" ><\/div><\/div><div id=\"pg-2601-2\"  class=\"panel-grid panel-no-style\" ><div id=\"pgc-2601-2-0\"  class=\"panel-grid-cell\" ><div id=\"panel-2601-2-0-0\" class=\"so-panel widget widget_black-studio-tinymce widget_black_studio_tinymce panel-first-child panel-last-child\" data-index=\"1\" ><div class=\"textwidget\"><p><span style=\"font-size: 14pt;\">\u201c<strong>Nuevo Amanecer<\/strong> es un programa de tratamiento residencial integral dise\u00f1ado espec\u00edficamente para satisfacer las necesidades \u00fanicas de los ni\u00f1os de entre 10 y 17 a\u00f1os que luchan contra la adicci\u00f3n. La intervenci\u00f3n temprana puede hacer la diferencia, y nuestro programa es el \u00fanico programa de tratamiento residencial disponible para menores de edad en El Salvador.\u201d<\/span><\/p>\n<p style=\"text-align: justify;\"><span style=\"font-size: 14pt;\">Los residentes en nuestro programa provienen de una variedad de situaciones que los dejan vulnerables a problemas de abuso de sustancias. <strong>Nuestro programa tiene una duraci\u00f3n de 9 meses y se enfoca en abordar todos los componentes de la adicci\u00f3n, incluidos los aspectos f\u00edsicos, espirituales, emocionales y mentales.<\/strong> Los residentes viven en un entorno de estilo familiar mientras trabajan en comunidad para superar sus adicciones. Nuestro personal desempe\u00f1a un modelo de amor que aboga por cada residente, nuestro objetivo es brindarles la mejor oportunidad posible de recuperarse de la adicci\u00f3n en un entorno seguro y amoroso.<\/span><\/p>\n<p style=\"text-align: justify;\"><span style=\"font-size: 14pt;\">Nuestro programa comienza con la <strong>desintoxicaci\u00f3n<\/strong> e incluye un tratamiento espec\u00edfico para ello, con un <strong>terapeuta emocional de adicci\u00f3n<\/strong> para abordar los problemas fundamentales acerca de la adicci\u00f3n y trabajar con cada residente para lograr una <strong>recuperaci\u00f3n y curaci\u00f3n<\/strong> completa. Los residentes tambi\u00e9n participan en una variedad de actividades <strong>recreativas<\/strong> y <strong>f\u00edsicas<\/strong>, continuando con sus <strong>estudios<\/strong> mientras est\u00e1n en el programa.<\/span><\/p>\n<p style=\"text-align: justify;\"><span style=\"font-size: 14pt;\">Trabajamos junto a las <strong>familias<\/strong> de cada residente para ayudarles a hacer la transici\u00f3n a una situaci\u00f3n familiar segura, si es posible, o en un entorno apropiado y seguro. Continuamos trabajando con todos los graduados durante meses despu\u00e9s de completar el programa, y as\u00ed asegurarnos de que contin\u00faan en el camino hacia la recuperaci\u00f3n de sus problemas de abuso de sustancias.<\/span><\/p>\n<p style=\"text-align: justify;\"><span style=\"font-size: 14pt;\"><strong>Si usted, o alguien que conoce, es menor de 18 a\u00f1os y est\u00e1 luchando contra las adicciones, no dude en ponerse en contacto con nosotros hoy mismo para obtener informaci\u00f3n sobre el proceso de admisi\u00f3n en Nuevo Amanecer.<\/strong><\/span><\/p>\n<\/div><\/div><\/div><\/div><div id=\"pg-2601-3\"  class=\"panel-grid panel-no-style\" ><div id=\"pgc-2601-3-0\"  class=\"panel-grid-cell\" ><div id=\"panel-2601-3-0-0\" class=\"so-panel widget widget_black-studio-tinymce widget_black_studio_tinymce panel-first-child panel-last-child\" data-index=\"2\" ><div class=\"textwidget\"><table class=\" aligncenter\" style=\"height: 467px; width: 62.4378%; border-collapse: collapse; border-style: solid; border-color: #89888c;\">\n<tbody>\n<tr style=\"height: 24px;\">\n<td style=\"width: 42.9114%; height: 24px; text-align: left;\"><span style=\"color: #000000;\"><strong><span style=\"font-family: 'times new roman', times, serif; font-size: 14pt;\">Nombre del Director:<\/span><\/strong><\/span><\/td>\n<td style=\"width: 56.7089%; text-align: left; height: 24px;\"><span style=\"font-size: 14pt;\">DANIELLE\u00a0 SNYDER<\/span><\/td>\n<\/tr>\n<tr>\n<td style=\"width: 42.9114%; text-align: left;\"><span style=\"font-family: 'times new roman', times, serif; font-size: 14pt; color: #000000;\"><strong>Ubicaci\u00f3n:<\/strong><\/span><\/td>\n<td style=\"width: 56.7089%; text-align: left;\"><span style=\"font-size: 14pt;\">SAN SALVADOR<\/span><\/td>\n<\/tr>\n<tr>\n<td style=\"width: 42.9114%; text-align: left;\"><span style=\"font-family: 'times new roman', times, serif; font-size: 14pt; color: #000000;\"><strong>Tipo de organizaci\u00f3n:<\/strong><\/span><\/td>\n<td style=\"width: 56.7089%; text-align: left;\"><span style=\"font-size: 14pt;\">ONG<\/span><\/td>\n<\/tr>\n<tr>\n<td style=\"width: 42.9114%; text-align: left;\"><span style=\"font-family: 'times new roman', times, serif; font-size: 14pt; color: #000000;\"><strong>Tipo de intervenci\u00f3n:<\/strong><\/span><\/td>\n<td style=\"width: 56.7089%; text-align: left;\"><span style=\"font-size: 14pt;\">Residencial<\/span><\/td>\n<\/tr>\n<tr>\n<td style=\"width: 42.9114%; text-align: left;\"><span style=\"font-family: 'times new roman', times, serif; font-size: 14pt; color: #000000;\"><strong>Poblaci\u00f3n a la que est\u00e1n dirigidas las intervenciones:<\/strong><\/span><\/td>\n<td style=\"width: 56.7089%; text-align: left;\"><span style=\"font-size: 14pt;\">Adolescentes de 10 a 17 a\u00f1os, sexo masculino o femenino, consumidores problem\u00e1ticos de drogas <\/span><\/td>\n<\/tr>\n<tr>\n<td style=\"width: 42.9114%; text-align: left;\"><span style=\"font-family: 'times new roman', times, serif; font-size: 14pt; color: #000000;\"><strong><span style=\"font-family: 'times new roman', times, serif;\">Tel\u00e9fono de contacto:<\/span><\/strong><\/span><\/td>\n<td style=\"width: 56.7089%; text-align: left;\"><span style=\"font-size: 14pt;\">2207-2777<\/span><\/td>\n<\/tr>\n<tr style=\"height: 65px;\">\n<td style=\"width: 42.9114%; text-align: left; height: 65px;\"><span style=\"font-family: 'times new roman', times, serif; color: #000000; font-size: 14pt;\"><strong> Correo electr\u00f3nico:<\/strong><\/span><\/td>\n<td style=\"width: 56.7089%; height: 65px;\">\n<p style=\"text-align: left;\"><span style=\"font-size: 14pt; color: #0000ff;\"><a href=\"mailto:info@missiontoelsalvador.com\">info@missiontoelsalvador.com<\/a> <\/span><\/p>\n<\/td>\n<\/tr>\n<tr>\n<td style=\"width: 42.9114%; text-align: left;\"><span style=\"font-family: 'times new roman', times, serif; color: #000000; font-size: 14pt;\"><strong>Redes Sociales:<\/strong><\/span><\/td>\n<td style=\"width: 56.7089%;\"><a href=\"https:\/\/es-la.facebook.com\/missiontoelsalvador\/\" target=\"_blank\" rel=\"noopener\"><img class=\"wp-image-1945 alignleft\" src=\"https:\/\/www.seguridad.gob.sv\/cna\/wp-content\/uploads\/2019\/09\/facebook.png\" alt=\"\" width=\"93\" height=\"83\" \/><\/a><a href=\"https:\/\/twitter.com\/_mtes?lang=es\" target=\"_blank\" rel=\"noopener\"><img class=\"wp-image-1942 alignleft\" src=\"https:\/\/www.seguridad.gob.sv\/cna\/wp-content\/uploads\/2019\/09\/twitter.png\" alt=\"\" width=\"92\" height=\"92\" \/><\/a><a href=\"https:\/\/www.instagram.com\/missiontoelsalvador\/\" target=\"_blank\" rel=\"noopener\"><img class=\"wp-image-2627 alignleft\" src=\"https:\/\/www.seguridad.gob.sv\/cna\/wp-content\/uploads\/2020\/06\/instagram-bosquejado.png\" alt=\"\" width=\"71\" height=\"72\" \/><\/a><a href=\"https:\/\/missiontoelsalvador.com\/es\/\" target=\"_blank\" rel=\"noopener\"><img class=\"wp-image-2620 alignleft\" src=\"https:\/\/www.seguridad.gob.sv\/cna\/wp-content\/uploads\/2020\/06\/sitio.png\" alt=\"\" width=\"76\" height=\"76\" \/><\/a><\/td>\n<\/tr>\n<\/tbody>\n<\/table>\n<p>&nbsp;<\/p>\n<\/div><\/div><\/div><\/div><div id=\"pg-2601-4\"  class=\"panel-grid panel-no-style\" ><div id=\"pgc-2601-4-0\"  class=\"panel-grid-cell\" ><div id=\"panel-2601-4-0-0\" class=\"so-panel widget widget_black-studio-tinymce widget_black_studio_tinymce panel-first-child panel-last-child\" data-index=\"3\" ><div class=\"textwidget\"><p style=\"text-align: center;\"><a href=\"https:\/\/www.seguridad.gob.sv\/cna\/wp-content\/uploads\/2020\/06\/Mission_1.jpg\"><img class=\"alignnone wp-image-2646 \" src=\"https:\/\/www.seguridad.gob.sv\/cna\/wp-content\/uploads\/2020\/06\/Mission_1.jpg\" alt=\"\" width=\"666\" height=\"493\" \/><\/a><\/p>\n<\/div><\/div><\/div><div id=\"pgc-2601-4-1\"  class=\"panel-grid-cell\" ><div id=\"panel-2601-4-1-0\" class=\"so-panel widget widget_black-studio-tinymce widget_black_studio_tinymce panel-first-child panel-last-child\" data-index=\"4\" ><div class=\"textwidget\"><p style=\"text-align: center;\"><a href=\"https:\/\/www.seguridad.gob.sv\/cna\/wp-content\/uploads\/2020\/06\/Mission_2.jpg\"><img class=\"alignnone wp-image-2647 size-full\" src=\"https:\/\/www.seguridad.gob.sv\/cna\/wp-content\/uploads\/2020\/06\/Mission_2.jpg\" alt=\"\" width=\"666\" height=\"493\" \/><\/a><\/p>\n<\/div><\/div><\/div><div id=\"pgc-2601-4-2\"  class=\"panel-grid-cell\" ><div id=\"panel-2601-4-2-0\" class=\"so-panel widget widget_black-studio-tinymce widget_black_studio_tinymce panel-first-child panel-last-child\" data-index=\"5\" ><div class=\"textwidget\"><p style=\"text-align: center;\"><a href=\"https:\/\/www.seguridad.gob.sv\/cna\/wp-content\/uploads\/2020\/06\/Mission_3.jpg\"><img class=\"alignnone wp-image-2648 size-full\" src=\"https:\/\/www.seguridad.gob.sv\/cna\/wp-content\/uploads\/2020\/06\/Mission_3.jpg\" alt=\"\" width=\"666\" height=\"493\" \/><\/a><\/p>\n<\/div><\/div><\/div><\/div><div id=\"pg-2601-5\"  class=\"panel-grid panel-no-style\" ><div id=\"pgc-2601-5-0\"  class=\"panel-grid-cell\" ><div id=\"panel-2601-5-0-0\" class=\"so-panel widget widget_black-studio-tinymce widget_black_studio_tinymce panel-first-child\" data-index=\"6\" ><div class=\"panel-widget-style panel-widget-style-for-2601-5-0-0\" ><div class=\"textwidget\"><p style=\"text-align: center;\"><a href=\"https:\/\/www.seguridad.gob.sv\/cna\/wp-content\/uploads\/2020\/07\/Denuncias-scaled.jpg\"><img class=\"alignnone size-full wp-image-2838\" src=\"https:\/\/www.seguridad.gob.sv\/cna\/wp-content\/uploads\/2020\/07\/Denuncias-scaled.jpg\" alt=\"\" width=\"2560\" height=\"240\" \/><\/a><\/p>\n<\/div><\/div><\/div><\/div><\/div><\/div>","protected":false},"excerpt":{"rendered":"<p>\u201cNuevo Amanecer es un programa de tratamiento residencial integral dise\u00f1ado espec\u00edficamente para satisfacer las necesidades \u00fanicas de los ni\u00f1os de entre 10 y 17 a\u00f1os que luchan contra la adicci\u00f3n. La intervenci\u00f3n temprana puede&#46;&#46;&#46;<\/p>\n","protected":false},"author":1,"featured_media":0,"parent":0,"menu_order":0,"comment_status":"closed","ping_status":"closed","template":"","meta":[],"_links":{"self":[{"href":"https:\/\/www.seguridad.gob.sv\/cna\/index.php?rest_route=\/wp\/v2\/pages\/2601"}],"collection":[{"href":"https:\/\/www.seguridad.gob.sv\/cna\/index.php?rest_route=\/wp\/v2\/pages"}],"about":[{"href":"https:\/\/www.seguridad.gob.sv\/cna\/index.php?rest_route=\/wp\/v2\/types\/page"}],"author":[{"embeddable":true,"href":"https:\/\/www.seguridad.gob.sv\/cna\/index.php?rest_route=\/wp\/v2\/users\/1"}],"replies":[{"embeddable":true,"href":"https:\/\/www.seguridad.gob.sv\/cna\/index.php?rest_route=%2Fwp%2Fv2%2Fcomments&post=2601"}],"version-history":[{"count":56,"href":"https:\/\/www.seguridad.gob.sv\/cna\/index.php?rest_route=\/wp\/v2\/pages\/2601\/revisions"}],"predecessor-version":[{"id":5847,"href":"https:\/\/www.seguridad.gob.sv\/cna\/index.php?rest_route=\/wp\/v2\/pages\/2601\/revisions\/5847"}],"wp:attachment":[{"href":"https:\/\/www.seguridad.gob.sv\/cna\/index.php?rest_route=%2Fwp%2Fv2%2Fmedia&parent=2601"}],"curies":[{"name":"wp","href":"https:\/\/api.w.org\/{rel}","templated":true}]}}