{"id":2962,"date":"2020-11-27T17:03:10","date_gmt":"2020-11-27T17:03:10","guid":{"rendered":"https:\/\/www.seguridad.gob.sv\/cna\/?page_id=2962"},"modified":"2023-06-01T16:24:23","modified_gmt":"2023-06-01T16:24:23","slug":"razon-de-ser","status":"publish","type":"page","link":"https:\/\/www.seguridad.gob.sv\/cna\/?page_id=2962","title":{"rendered":"Raz\u00f3n de ser"},"content":{"rendered":"<div id=\"pl-2962\"  class=\"panel-layout\" ><div id=\"pg-2962-0\"  class=\"panel-grid panel-no-style\" ><div id=\"pgc-2962-0-0\"  class=\"panel-grid-cell\" ><div id=\"panel-2962-0-0-0\" class=\"so-panel widget widget_black-studio-tinymce widget_black_studio_tinymce panel-first-child panel-last-child\" data-index=\"0\" ><div class=\"textwidget\"><p><a href=\"https:\/\/www.seguridad.gob.sv\/cna\/wp-content\/uploads\/2022\/05\/LOGO-CNA1_1.png\"><img class=\"wp-image-3681  aligncenter\" src=\"https:\/\/www.seguridad.gob.sv\/cna\/wp-content\/uploads\/2022\/05\/LOGO-CNA1_1.png\" alt=\"\" width=\"285\" height=\"283\" \/><\/a><\/p>\n<\/div><\/div><\/div><\/div><div id=\"pg-2962-1\"  class=\"panel-grid panel-no-style\" ><div id=\"pgc-2962-1-0\"  class=\"panel-grid-cell\" ><div id=\"panel-2962-1-0-0\" class=\"so-panel widget widget_black-studio-tinymce widget_black_studio_tinymce panel-first-child\" data-index=\"1\" ><div class=\"textwidget\"><p><strong><span style=\"font-size: 18pt;\">MISI\u00d3N<\/span><\/strong><\/p>\n<p style=\"text-align: justify;\"><span style=\"font-size: 14pt;\">Velar por el cumplimiento de los preceptos constitucionales, tratados y convenios suscritos por El Salvador en materia de drogas, y en ese marco elaborar estrategias en el campo de reducci\u00f3n de la demanda y oferta de drogas, en coordinaci\u00f3n con las entidades vinculadas al tema, as\u00ed como, fortalecer y apoyar la capacitaci\u00f3n y especializaci\u00f3n del personal a fin hacer m\u00e1s eficiente la labor con un abordaje del problema de las drogas en forma integral y equilibrada<\/span><\/p>\n<\/div><\/div><div id=\"panel-2962-1-0-1\" class=\"so-panel widget widget_black-studio-tinymce widget_black_studio_tinymce panel-last-child\" data-index=\"2\" ><div class=\"textwidget\"><p><strong><span style=\"font-size: 18pt;\">VISI\u00d3N<\/span><\/strong><\/p>\n<p style=\"text-align: justify;\"><span style=\"font-size: 14pt;\">Contribuir a mejorar las condiciones de salud de la poblaci\u00f3n, a trav\u00e9s de medidas para reducir el consumo, uso y abuso de sustancias psicoactivas, y prevenir y combatir la oferta il\u00edcita de drogas y sus delitos conexos.<\/span><\/p>\n<\/div><\/div><\/div><\/div><div id=\"pg-2962-2\"  class=\"panel-grid panel-no-style\" ><div id=\"pgc-2962-2-0\"  class=\"panel-grid-cell\" ><div id=\"panel-2962-2-0-0\" class=\"so-panel widget widget_black-studio-tinymce widget_black_studio_tinymce panel-first-child panel-last-child\" data-index=\"3\" ><div class=\"textwidget\"><p><strong><span style=\"font-size: 18pt;\">DECRETO LEGISLATIVO<\/span><\/strong><\/p>\n<p style=\"text-align: justify;\"><span style=\"font-size: 14pt;\">De conformidad al Art\u00edculo 5 de la Ley Reguladora de las Actividades Relativas a las Drogas (Decreto Legislativo N\u00ba: 153 de fecha 02\/10\/2003, publicado en el Diario Oficial: 208 Tomo 361 del 07\/11\/2003), la Comisi\u00f3n Nacional Antidrogas ser\u00e1 presidida por el Director Ejecutivo nombrado por el Presidente de la Rep\u00fablica y estar\u00e1 conformada por los Ministros o sus representantes de:<\/span><\/p>\n<ol>\n<li><span style=\"font-size: 14pt;\">Ministerio de Justicia y Seguridad P\u00fablica<\/span><\/li>\n<li><span style=\"font-size: 14pt;\">Ministerio de la Defensa Nacional<\/span><\/li>\n<li><span style=\"font-size: 14pt;\">Ministerio de Educaci\u00f3n<\/span><\/li>\n<li><span style=\"font-size: 14pt;\">Ministerio de Salud<\/span><\/li>\n<li><span style=\"font-size: 14pt;\">Direcci\u00f3n Nacional de Medicamentos<\/span><\/li>\n<li><span style=\"font-size: 14pt;\">Consejo Superior de Salud P\u00fablica<\/span><\/li>\n<\/ol>\n<p style=\"text-align: justify;\"><span style=\"font-size: 14pt;\">Cabe se\u00f1alar que el referido art\u00edculo no establece la ubicaci\u00f3n f\u00edsica ni la adscripci\u00f3n administrativa y financiera de la Direcci\u00f3n Ejecutiva, \u00e9sta se encuentra adscrita administrativa y presupuestariamente al Ministerio de Justicia y Seguridad P\u00fablica.<\/span><\/p>\n<\/div><\/div><\/div><\/div><div id=\"pg-2962-3\"  class=\"panel-grid panel-no-style\" ><div id=\"pgc-2962-3-0\"  class=\"panel-grid-cell\" ><div id=\"panel-2962-3-0-0\" class=\"so-panel widget widget_black-studio-tinymce widget_black_studio_tinymce panel-first-child panel-last-child\" data-index=\"4\" ><div class=\"textwidget\"><p><strong><span style=\"font-size: 18pt;\">COMPETENCIAS DE LA CNA:<\/span><\/strong><\/p>\n<ol>\n<li style=\"text-align: justify;\"><span style=\"font-size: 14pt;\">La promoci\u00f3n, coordinaci\u00f3n y seguimiento de las campa\u00f1as publicitarias tanto a nivel gubernamental como privadas, encaminadas a prevenir los efectos nocivos producidos por el uso y consumo de drogas, que se realicen por cualquier medio.<\/span><\/li>\n<\/ol>\n<ol start=\"2\">\n<li><span style=\"font-size: 14pt;\">La aprobaci\u00f3n de los planes de trabajo de las entidades privadas debidamente autorizadas y las gubernamentales, cuya finalidad sea prevenir la drogadicci\u00f3n.<\/span><\/li>\n<\/ol>\n<p style=\"text-align: justify;\"><span style=\"font-size: 14pt;\">En concordancia con lo anterior, la Comisi\u00f3n Nacional Antidrogas (CNA) es el ente coordinador y facilitador del cumplimiento de las actividades orientadas al combate de las drogas, tanto en el \u00e1rea de la reducci\u00f3n de la oferta como en la de reducci\u00f3n de la demanda de drogas ejecutadas por las diferentes instituciones, organismos p\u00fablicos y privados autorizados y legalmente establecidos, seg\u00fan sus atribuciones legales.<\/span><\/p>\n<\/div><\/div><\/div><\/div><\/div>","protected":false},"excerpt":{"rendered":"<p>MISI\u00d3N Velar por el cumplimiento de los preceptos constitucionales, tratados y convenios suscritos por El Salvador en materia de drogas, y en ese marco elaborar estrategias en el campo de reducci\u00f3n de la demanda&#46;&#46;&#46;<\/p>\n","protected":false},"author":1,"featured_media":0,"parent":0,"menu_order":0,"comment_status":"closed","ping_status":"closed","template":"","meta":[],"_links":{"self":[{"href":"https:\/\/www.seguridad.gob.sv\/cna\/index.php?rest_route=\/wp\/v2\/pages\/2962"}],"collection":[{"href":"https:\/\/www.seguridad.gob.sv\/cna\/index.php?rest_route=\/wp\/v2\/pages"}],"about":[{"href":"https:\/\/www.seguridad.gob.sv\/cna\/index.php?rest_route=\/wp\/v2\/types\/page"}],"author":[{"embeddable":true,"href":"https:\/\/www.seguridad.gob.sv\/cna\/index.php?rest_route=\/wp\/v2\/users\/1"}],"replies":[{"embeddable":true,"href":"https:\/\/www.seguridad.gob.sv\/cna\/index.php?rest_route=%2Fwp%2Fv2%2Fcomments&post=2962"}],"version-history":[{"count":10,"href":"https:\/\/www.seguridad.gob.sv\/cna\/index.php?rest_route=\/wp\/v2\/pages\/2962\/revisions"}],"predecessor-version":[{"id":4704,"href":"https:\/\/www.seguridad.gob.sv\/cna\/index.php?rest_route=\/wp\/v2\/pages\/2962\/revisions\/4704"}],"wp:attachment":[{"href":"https:\/\/www.seguridad.gob.sv\/cna\/index.php?rest_route=%2Fwp%2Fv2%2Fmedia&parent=2962"}],"curies":[{"name":"wp","href":"https:\/\/api.w.org\/{rel}","templated":true}]}}