{"id":3144,"date":"2020-12-18T16:01:49","date_gmt":"2020-12-18T16:01:49","guid":{"rendered":"https:\/\/www.seguridad.gob.sv\/cna\/?page_id=3144"},"modified":"2020-12-18T16:03:30","modified_gmt":"2020-12-18T16:03:30","slug":"area-de-tratamiento-y-rehabilitacion","status":"publish","type":"page","link":"https:\/\/www.seguridad.gob.sv\/cna\/?page_id=3144","title":{"rendered":"\u00c1rea de Tratamiento y Rehabilitaci\u00f3n"},"content":{"rendered":"<div id=\"pl-3144\"  class=\"panel-layout\" ><div id=\"pg-3144-0\"  class=\"panel-grid panel-no-style\" ><div id=\"pgc-3144-0-0\"  class=\"panel-grid-cell\" ><div id=\"panel-3144-0-0-0\" class=\"so-panel widget widget_black-studio-tinymce widget_black_studio_tinymce panel-first-child panel-last-child\" data-index=\"0\" ><div class=\"textwidget\"><p style=\"text-align: justify;\"><span style=\"font-size: 14pt;\">El t\u00e9rmino tratamiento hace referencia al proceso de intervenci\u00f3n dirigido a la superaci\u00f3n de los problemas de abuso y\/o dependencia a las drogas, que incluye el desarrollo de un conjunto de acciones de car\u00e1cter sanitario, psicol\u00f3gico, social, ocupacional y educativo, tanto a nivel individual como grupal y familiar (SENDA, 2016). Los procesos de rehabilitaci\u00f3n de las drogodependencias se instrumentalizan a trav\u00e9s de una variada gama de opciones terap\u00e9uticas y de recursos asistenciales. Se incluye una variedad de intervenciones como son la identificaci\u00f3n de casos, el tratamiento est\u00e1ndar para des\u00f3rdenes identificados, la reducci\u00f3n de reca\u00eddas y los cuidados posteriores incluyendo la rehabilitaci\u00f3n (Mrazek y Haggerty, citado por CICAD s\/f).<\/span><\/p>\n<p style=\"text-align: justify;\"><span style=\"font-size: 14pt;\">La dependencia a drogas es ante todo un problema de salud p\u00fablica, lo cual implica que la atenci\u00f3n a las personas con consumo problem\u00e1tico y dependencia a drogas debe contar con una serie de alternativas accesibles a la poblaci\u00f3n, as\u00ed como contar con personal capacitado y los recursos necesarios para su funcionamiento. A finales del siglo XX la atenci\u00f3n se limitaba a los servicios de adicciones del Hospital Nacional Psiqui\u00e1trico y del Instituto Salvadore\u00f1o del Seguro Social, que eran b\u00e1sicamente desintoxicaci\u00f3n y tratamiento hospitalario del s\u00edndrome de abstinencia. El grueso de la atenci\u00f3n era absorbido por grupos de autoayuda (como Alcoh\u00f3licos An\u00f3nimos o Narc\u00f3ticos An\u00f3nimos) as\u00ed como Iglesias y Organizaciones no Gubernamentales, la mayor\u00eda de estas \u00faltimas de tipo residencial y con un enfoque de atenci\u00f3n predominantemente espiritual, a cargo de personas sin ning\u00fan grado de preparaci\u00f3n t\u00e9cnica al respecto, gener\u00e1ndose desenlaces re\u00f1idos con la salud y los propios derechos humanos de un porcentaje de los usuarios.<\/span><\/p>\n<p style=\"text-align: justify;\"><span style=\"font-size: 14pt;\">Desde el \u00e1rea de la prevenci\u00f3n se coordina la implementaci\u00f3n de pol\u00edticas, estrategias y acciones encaminadas a la atenci\u00f3n, tratamiento y rehabilitaci\u00f3n de personas afectadas por el consumo de drogas, en el marco de la Estrategia Nacional Antidrogas.<\/span><\/p>\n<p style=\"text-align: justify;\"><span style=\"font-size: 14pt;\">Competencias relativas a tratamiento<\/span><\/p>\n<ul style=\"text-align: justify;\">\n<li><span style=\"font-size: 14pt;\">Implementaci\u00f3n de programas y proyectos para mejorar la cobertura y calidad de los servicios de tratamiento disponibles para personas con problemas de drogas.<\/span><\/li>\n<li><span style=\"font-size: 14pt;\">Recopilaci\u00f3n de datos a nivel nacional e internacional sobre las \u00e1reas de intervenci\u00f3n de la Estrategia Nacional Antidrogas.<\/span><\/li>\n<li><span style=\"font-size: 14pt;\">Crear y desarrollar acuerdos de cooperaci\u00f3n, asistencia t\u00e9cnica, memorandos de entendimiento, con las diferentes instituciones y organismos nacionales como internacionales para el logro de los objetivos trazados.<\/span><\/li>\n<li><span style=\"font-size: 14pt;\">Promoci\u00f3n de programas de apoyo y cooperaci\u00f3n entre las diferentes instituciones p\u00fablicas y privadas necesarias para la realizaci\u00f3n de proyectos encaminados al combate de las drogas.<\/span><\/li>\n<\/ul>\n<p style=\"text-align: justify;\">\n<p style=\"text-align: justify;\"><span style=\"font-size: 14pt;\">En el marco del cumplimiento de objetivos desde el \u00e1rea de tratamiento, destacan programas de rehabilitaci\u00f3n, reinserci\u00f3n y cuidado con base en la evidencia, dentro del cual sobresale el Centro de Tratamiento Residencial Especializado para personas afectas por drogas.<\/span><\/p>\n<p style=\"text-align: justify;\"><span style=\"font-size: 14pt;\">Con la finalidad de fortalecer y potenciar las capacidades del recurso humano involucrado en los diferentes \u00e1mbitos de reducci\u00f3n de la demanda, se hace menci\u00f3n del Programa de Capacitaci\u00f3n y Certificaci\u00f3n de Recurso Humano en Tratamiento y prevenci\u00f3n de trastornos por consumo de drogas (PROCCTRAP).<\/span><\/p>\n<p style=\"text-align: justify;\"><span style=\"font-size: 14pt;\">Se agrega, adem\u00e1s, la elaboraci\u00f3n de un Manual sobre la elaboraci\u00f3n de proyectos municipales sobre Drogas, enfocado a la aplicaci\u00f3n de lineamientos preventivos en el \u00e1mbito comunitario.<\/span><\/p>\n<\/div><\/div><\/div><\/div><\/div>","protected":false},"excerpt":{"rendered":"<p>El t\u00e9rmino tratamiento hace referencia al proceso de intervenci\u00f3n dirigido a la superaci\u00f3n de los problemas de abuso y\/o dependencia a las drogas, que incluye el desarrollo de un conjunto de acciones de car\u00e1cter&#46;&#46;&#46;<\/p>\n","protected":false},"author":1,"featured_media":0,"parent":0,"menu_order":0,"comment_status":"closed","ping_status":"closed","template":"","meta":[],"_links":{"self":[{"href":"https:\/\/www.seguridad.gob.sv\/cna\/index.php?rest_route=\/wp\/v2\/pages\/3144"}],"collection":[{"href":"https:\/\/www.seguridad.gob.sv\/cna\/index.php?rest_route=\/wp\/v2\/pages"}],"about":[{"href":"https:\/\/www.seguridad.gob.sv\/cna\/index.php?rest_route=\/wp\/v2\/types\/page"}],"author":[{"embeddable":true,"href":"https:\/\/www.seguridad.gob.sv\/cna\/index.php?rest_route=\/wp\/v2\/users\/1"}],"replies":[{"embeddable":true,"href":"https:\/\/www.seguridad.gob.sv\/cna\/index.php?rest_route=%2Fwp%2Fv2%2Fcomments&post=3144"}],"version-history":[{"count":1,"href":"https:\/\/www.seguridad.gob.sv\/cna\/index.php?rest_route=\/wp\/v2\/pages\/3144\/revisions"}],"predecessor-version":[{"id":3145,"href":"https:\/\/www.seguridad.gob.sv\/cna\/index.php?rest_route=\/wp\/v2\/pages\/3144\/revisions\/3145"}],"wp:attachment":[{"href":"https:\/\/www.seguridad.gob.sv\/cna\/index.php?rest_route=%2Fwp%2Fv2%2Fmedia&parent=3144"}],"curies":[{"name":"wp","href":"https:\/\/api.w.org\/{rel}","templated":true}]}}