{"id":3149,"date":"2020-12-21T20:08:09","date_gmt":"2020-12-21T20:08:09","guid":{"rendered":"https:\/\/www.seguridad.gob.sv\/cna\/?page_id=3149"},"modified":"2020-12-21T20:09:05","modified_gmt":"2020-12-21T20:09:05","slug":"area-de-control-de-sustancias","status":"publish","type":"page","link":"https:\/\/www.seguridad.gob.sv\/cna\/?page_id=3149","title":{"rendered":"\u00c1rea de Control de Sustancias"},"content":{"rendered":"<div id=\"pl-3149\"  class=\"panel-layout\" ><div id=\"pg-3149-0\"  class=\"panel-grid panel-no-style\" ><div id=\"pgc-3149-0-0\"  class=\"panel-grid-cell\" ><div id=\"panel-3149-0-0-0\" class=\"so-panel widget widget_black-studio-tinymce widget_black_studio_tinymce panel-first-child panel-last-child\" data-index=\"0\" ><div class=\"textwidget\"><p style=\"text-align: justify;\"><span style=\"font-size: 14pt;\">Es el \u00e1rea encargada de coordinar con las entidades respectivas, las acciones encaminadas a garantizar el uso l\u00edcito de las sustancias sometidas a fiscalizaci\u00f3n internacional: estupefacientes, psicotr\u00f3picos, precursores qu\u00edmicos, sustancias y productos qu\u00edmicos, a trav\u00e9s de la implementaci\u00f3n de estrategias y mecanismos eficientes que permitan ejercer un mejor control sobre estas sustancias.<\/span><\/p>\n<p style=\"text-align: justify;\"><span style=\"font-size: 14pt;\">Adem\u00e1s, promueve la capacitaci\u00f3n del personal de las instituciones involucradas en el control de sustancias, gestiona tambi\u00e9n, los apoyos t\u00e9cnicos y financieros necesarios para la implementaci\u00f3n de programas y proyectos para el fortalecimiento de las medidas de control; y la especializaci\u00f3n, a trav\u00e9s de la cooperaci\u00f3n internacional.\u00a0<\/span><\/p>\n<p style=\"text-align: justify;\"><span style=\"font-size: 14pt;\"><strong><em>OBJETIVOS DEL \u00c1REA DE CONTROL DE SUSTANCIAS<\/em><\/strong><\/span><\/p>\n<ol style=\"text-align: justify;\">\n<li><span style=\"font-size: 14pt;\">Evitar el uso incorrecto e ilegal de estupefacientes, psicotr\u00f3picos, precursores, sustancias, productos qu\u00edmicos y agregados.<\/span><\/li>\n<li><span style=\"font-size: 14pt;\">Fortalecer la coordinaci\u00f3n interinstitucional para el control y fiscalizaci\u00f3n.<\/span><\/li>\n<li><span style=\"font-size: 14pt;\">Mejorar la capacidad tecnol\u00f3gica y los recursos disponibles para el control y fiscalizaci\u00f3n, con procedimientos adecuados y mecanismos eficientes para obtener y compartir informaci\u00f3n.<\/span><\/li>\n<\/ol>\n<p style=\"text-align: justify;\">\n<p style=\"text-align: justify;\"><em><strong><span style=\"font-size: 14pt;\">\u00c1reas de competencia<\/span><\/strong><\/em><\/p>\n<ul style=\"text-align: justify;\">\n<li><span style=\"font-size: 14pt;\">Asegurar el seguimiento en la participaci\u00f3n del Grupo de Trabajo Gubernamental (GTI), del Mecanismo de Evaluaci\u00f3n Multilateral (MEM), con el fin de actualizar y optimizar el proceso, basados en la Estrategia Hemisf\u00e9rica sobre Drogas y su Plan de Acci\u00f3n.<\/span><\/li>\n<li><span style=\"font-size: 14pt;\">Garantizar la ejecuci\u00f3n del Programa Global de Control de Contenedores (CCP), enfocado en minimizar la explotaci\u00f3n de contenedores mar\u00edtimos para el tr\u00e1fico il\u00edcito de drogas y otras actividades del crimen organizado transnacional, espec\u00edficamente en el puerto de Acajutla.<\/span><\/li>\n<li><span style=\"font-size: 14pt;\">Consolidar el seguimiento a la implementaci\u00f3n del programa \u201cFortalecimiento de la capacidad institucional para mejorar el control del tr\u00e1fico de drogas en Am\u00e9rica Latina (Colombia, Costa Rica y El Salvador).<\/span><\/li>\n<li><span style=\"font-size: 14pt;\">Coordinar el desarrollo de jornadas anuales de capacitaci\u00f3n dirigidas a personal de las instituciones vinculadas al tema de control y fiscalizaci\u00f3n de sustancias, a fin de fortalecer las capacidades institucionales.<\/span><\/li>\n<li><span style=\"font-size: 14pt;\">Coordinar el funcionamiento del Grupo de Control de Sustancias, conformado por representantes de las diferentes instituciones vinculadas al tema de control y fiscalizaci\u00f3n de sustancias, a fin de garantizar el uso l\u00edcito de las sustancias sometidas a fiscalizaci\u00f3n internacional.<\/span><\/li>\n<\/ul>\n<p style=\"text-align: justify;\">\n<p style=\"text-align: justify;\"><span style=\"font-size: 14pt;\">Desde el enfoque de esta \u00e1rea de control de sustancias, destaca el Programa Global de Control de Contenedores (CCP), a partir del memor\u00e1ndum de entendimiento entre las Naciones Unidas y la Rep\u00fablica de El Salvador, a trav\u00e9s de la Direcci\u00f3n Ejecutiva de la Comisi\u00f3n Nacional de Drogas.<\/span><\/p>\n<p style=\"text-align: justify;\"><span style=\"font-size: 14pt;\">El programa en menci\u00f3n cuenta con una amplia coordinaci\u00f3n entre las instituciones como\u00a0 Polic\u00eda Nacional Civil (PNC), Direcci\u00f3n General de Aduanas (DGA), Comisi\u00f3n Ejecutiva Portuaria Aut\u00f3noma (CEPA), quienes conforman la Unidad de Control de Contenedores (UCC), que adem\u00e1s, tuvieron una formaci\u00f3n te\u00f3rica y pr\u00e1ctica de la cual, los integrantes fueron actualizados y fortalecidos de conocimiento relativo al control e ingreso de il\u00edcitos.<\/span><\/p>\n<p style=\"text-align: justify;\"><span style=\"font-size: 14pt;\">Tambi\u00e9n existe la Estrategia Pa\u00eds para el Fortalecimiento Institucional en la Interdicci\u00f3n de Drogas y Precursores Qu\u00edmicos El Salvador, que no es m\u00e1s que el resultado del trabajo coordinado por la Direcci\u00f3n Ejecutiva de la Comisi\u00f3n Nacional Antidrogas (CNA), con \u00a0la asesor\u00eda t\u00e9cnica de la Oficina de las Naciones Unidas contra la Droga y el Delito (UNODC), la cual tiene por objetivo principal, fortalecer las metas de la Estrategia Nacional Antidrogas, a trav\u00e9s de la adopci\u00f3n de las acciones estrat\u00e9gicas definidas en el marco del proyecto de fortalecimiento de la capacidad institucional, para mejorar el control de tr\u00e1fico de drogas y precursores qu\u00edmicos.<\/span><\/p>\n<\/div><\/div><\/div><\/div><\/div>","protected":false},"excerpt":{"rendered":"<p>Es el \u00e1rea encargada de coordinar con las entidades respectivas, las acciones encaminadas a garantizar el uso l\u00edcito de las sustancias sometidas a fiscalizaci\u00f3n internacional: estupefacientes, psicotr\u00f3picos, precursores qu\u00edmicos, sustancias y productos qu\u00edmicos, a&#46;&#46;&#46;<\/p>\n","protected":false},"author":1,"featured_media":0,"parent":0,"menu_order":0,"comment_status":"closed","ping_status":"closed","template":"","meta":[],"_links":{"self":[{"href":"https:\/\/www.seguridad.gob.sv\/cna\/index.php?rest_route=\/wp\/v2\/pages\/3149"}],"collection":[{"href":"https:\/\/www.seguridad.gob.sv\/cna\/index.php?rest_route=\/wp\/v2\/pages"}],"about":[{"href":"https:\/\/www.seguridad.gob.sv\/cna\/index.php?rest_route=\/wp\/v2\/types\/page"}],"author":[{"embeddable":true,"href":"https:\/\/www.seguridad.gob.sv\/cna\/index.php?rest_route=\/wp\/v2\/users\/1"}],"replies":[{"embeddable":true,"href":"https:\/\/www.seguridad.gob.sv\/cna\/index.php?rest_route=%2Fwp%2Fv2%2Fcomments&post=3149"}],"version-history":[{"count":1,"href":"https:\/\/www.seguridad.gob.sv\/cna\/index.php?rest_route=\/wp\/v2\/pages\/3149\/revisions"}],"predecessor-version":[{"id":3150,"href":"https:\/\/www.seguridad.gob.sv\/cna\/index.php?rest_route=\/wp\/v2\/pages\/3149\/revisions\/3150"}],"wp:attachment":[{"href":"https:\/\/www.seguridad.gob.sv\/cna\/index.php?rest_route=%2Fwp%2Fv2%2Fmedia&parent=3149"}],"curies":[{"name":"wp","href":"https:\/\/api.w.org\/{rel}","templated":true}]}}