{"id":3152,"date":"2021-01-07T19:20:32","date_gmt":"2021-01-07T19:20:32","guid":{"rendered":"https:\/\/www.seguridad.gob.sv\/cna\/?page_id=3152"},"modified":"2021-01-07T19:20:32","modified_gmt":"2021-01-07T19:20:32","slug":"que-es-el-observatorio-salvadoreno-de-drogas","status":"publish","type":"page","link":"https:\/\/www.seguridad.gob.sv\/cna\/?page_id=3152","title":{"rendered":"\u00bfQu\u00e9 es el Observatorio Salvadore\u00f1o de Drogas?"},"content":{"rendered":"<div id=\"pl-3152\"  class=\"panel-layout\" ><div id=\"pg-3152-0\"  class=\"panel-grid panel-no-style\" ><div id=\"pgc-3152-0-0\"  class=\"panel-grid-cell\" ><div id=\"panel-3152-0-0-0\" class=\"so-panel widget widget_black-studio-tinymce widget_black_studio_tinymce panel-first-child panel-last-child\" data-index=\"0\" ><div class=\"textwidget\"><p style=\"text-align: justify;\"><span style=\"font-size: 14pt;\">El observatorio nacional de drogas (OND), es una organizaci\u00f3n que proporciona a su pa\u00eds informaci\u00f3n real, objetiva, fiable y comparable relativa a las drogas y las toxicoman\u00edas, y a sus consecuencias.<\/span><\/p>\n<p style=\"text-align: justify;\"><span style=\"font-size: 14pt;\">Para alcanzar sus objetivos, un OND ha de realizar tres funciones esenciales, con sus propios recursos, o de manera conjunta con otros expertos e instituciones nacionales, tales como:<\/span><\/p>\n<ol style=\"text-align: justify;\">\n<li><span style=\"font-size: 14pt;\"><em>Obtenci\u00f3n y seguimiento de datos a escala nacional.<\/em><\/span><\/li>\n<li><span style=\"font-size: 14pt;\"><em> An\u00e1lisis e interpretaci\u00f3n de la informaci\u00f3n recabada.<\/em><\/span><\/li>\n<li><span style=\"font-size: 14pt;\"><em>Elaboraci\u00f3n de informes y divulgaci\u00f3n de los resultados, con el nivel de calidad m\u00e1s alto que sea posible, y que cumplan los est\u00e1ndares cient\u00edficos.<\/em><\/span><\/li>\n<\/ol>\n<p style=\"text-align: justify;\"><span style=\"font-size: 14pt;\">La principal publicaci\u00f3n producida por un OND con periodicidad anual es su informe nacional, es un documento actualizado sobre la situaci\u00f3n nacional. Adem\u00e1s de elaborar estudios ad hoc y otros informes.<\/span><\/p>\n<p style=\"text-align: justify;\"><span style=\"font-size: 14pt;\">Idealmente un OND forma parte adem\u00e1s de un sistema m\u00e1s amplio que combina:<\/span><\/p>\n<ul style=\"text-align: justify;\">\n<li><span style=\"font-size: 14pt;\">Un mecanismo nacional de coordinaci\u00f3n de actuaciones en materia de drogas, concertado y equilibrado que supervisa el papel de los diversos actores encargados de aplicar una estrategia nacional sobre drogas.<\/span><\/li>\n<li><span style=\"font-size: 14pt;\">Una\u00a0red nacional de informaci\u00f3n sobre drogas, que integra fuentes generales y especializadas de informaci\u00f3n y conocimientos t\u00e9cnicos y avanzados, as\u00ed como programas de vigilancia sistem\u00e1tica y estudios ad hoc sobre grupos definidos como objetivo.<\/span><\/li>\n<\/ul>\n<p style=\"text-align: justify;\"><span style=\"font-size: 14pt;\">Un sistema nacional de informaci\u00f3n sobre drogas constituye el conjunto organizado de elementos que permiten la interacci\u00f3n de actores con el objeto de acceder, recoger, almacenar y transformar datos en informaci\u00f3n relevante para la obtenci\u00f3n de un cuadro exhaustivo de la situaci\u00f3n de las drogas en el pa\u00eds, y consta de dos componentes fundamentales: una red nacional de obtenci\u00f3n de datos, y un observatorio nacional de drogas.<\/span><\/p>\n<p style=\"text-align: justify;\"><span style=\"font-size: 14pt;\">La informaci\u00f3n resumida sobre cuestiones espec\u00edficas, temas de inter\u00e9s, cuestiones t\u00e9cnicas y metodol\u00f3gicas, estad\u00edsticas e informaci\u00f3n resumida sobre temas de inter\u00e9s general, est\u00e1 dirigida a responsables de la toma de decisiones; as\u00ed como a profesionales del \u00e1mbito de las drogas, investigadores y p\u00fablico en general.<\/span><\/p>\n<\/div><\/div><\/div><\/div><\/div>","protected":false},"excerpt":{"rendered":"<p>El observatorio nacional de drogas (OND), es una organizaci\u00f3n que proporciona a su pa\u00eds informaci\u00f3n real, objetiva, fiable y comparable relativa a las drogas y las toxicoman\u00edas, y a sus consecuencias. Para alcanzar sus&#46;&#46;&#46;<\/p>\n","protected":false},"author":1,"featured_media":0,"parent":0,"menu_order":0,"comment_status":"closed","ping_status":"closed","template":"","meta":[],"_links":{"self":[{"href":"https:\/\/www.seguridad.gob.sv\/cna\/index.php?rest_route=\/wp\/v2\/pages\/3152"}],"collection":[{"href":"https:\/\/www.seguridad.gob.sv\/cna\/index.php?rest_route=\/wp\/v2\/pages"}],"about":[{"href":"https:\/\/www.seguridad.gob.sv\/cna\/index.php?rest_route=\/wp\/v2\/types\/page"}],"author":[{"embeddable":true,"href":"https:\/\/www.seguridad.gob.sv\/cna\/index.php?rest_route=\/wp\/v2\/users\/1"}],"replies":[{"embeddable":true,"href":"https:\/\/www.seguridad.gob.sv\/cna\/index.php?rest_route=%2Fwp%2Fv2%2Fcomments&post=3152"}],"version-history":[{"count":2,"href":"https:\/\/www.seguridad.gob.sv\/cna\/index.php?rest_route=\/wp\/v2\/pages\/3152\/revisions"}],"predecessor-version":[{"id":3154,"href":"https:\/\/www.seguridad.gob.sv\/cna\/index.php?rest_route=\/wp\/v2\/pages\/3152\/revisions\/3154"}],"wp:attachment":[{"href":"https:\/\/www.seguridad.gob.sv\/cna\/index.php?rest_route=%2Fwp%2Fv2%2Fmedia&parent=3152"}],"curies":[{"name":"wp","href":"https:\/\/api.w.org\/{rel}","templated":true}]}}