{"id":3262,"date":"2021-06-30T16:23:13","date_gmt":"2021-06-30T16:23:13","guid":{"rendered":"https:\/\/www.seguridad.gob.sv\/cna\/?page_id=3262"},"modified":"2021-06-30T16:27:38","modified_gmt":"2021-06-30T16:27:38","slug":"capacitaciones","status":"publish","type":"page","link":"https:\/\/www.seguridad.gob.sv\/cna\/?page_id=3262","title":{"rendered":"Capacitaciones"},"content":{"rendered":"<div id=\"pl-3262\"  class=\"panel-layout\" ><div id=\"pg-3262-0\"  class=\"panel-grid panel-no-style\" ><div id=\"pgc-3262-0-0\"  class=\"panel-grid-cell\" ><div id=\"panel-3262-0-0-0\" class=\"so-panel widget widget_black-studio-tinymce widget_black_studio_tinymce panel-first-child panel-last-child\" data-index=\"0\" ><div class=\"textwidget\"><p style=\"text-align: justify; vertical-align: baseline; margin: 0cm 0cm 12.0pt 0cm;\"><span style=\"font-family: Arial, sans-serif; color: #666666; font-size: 14pt;\">El \u00c1rea de Control de Sustancias, a trav\u00e9s del Grupo de Control de Sustancias, grupo t\u00e9cnico conformado por representantes de la Direcci\u00f3n Nacional de Medicamentos, Polic\u00eda Nacional Civil y Direcci\u00f3n General de Aduanas; y coordinado por la Direcci\u00f3n Ejecutiva de la CNA, realiza de forma continua diferentes actividades de capacitaci\u00f3n para el personal de esas instituciones, vinculadas al tema del control y la fiscalizaci\u00f3n de sustancias. Estas actividades, responden a las necesidades de capacitaci\u00f3n y formaci\u00f3n de estas instituciones, lo que fomenta el intercambio de conocimientos y experiencias en la materia.<\/span><\/p>\n<p style=\"text-align: justify; vertical-align: baseline; margin: 0cm 0cm 12.0pt 0cm;\"><span style=\"font-family: Arial, sans-serif; color: #666666; font-size: 14pt;\">El Grupo analiza constantemente las necesidades de capacitaci\u00f3n para el personal involucrado en el tema de control de sustancias. Es as\u00ed como se han realizado capacitaciones en diversos temas tales como: Aplicaci\u00f3n del Reglamento de Control de Sustancias, M\u00e9todos de Desv\u00edo, Formularios- Permisos de Importaci\u00f3n\/ Exportaci\u00f3n y Procedimientos Aduanales, Reg\u00edmenes Aduaneros, M\u00e9todos de Conversi\u00f3n, Manejo de Sustancias Peligrosas, entre otros. Asimismo, dependiendo de las necesidades, se realizan gestiones a nivel de organismos internacionales tales como la Oficina de las Naciones Unidas contra la Droga y el Delito, UNODC y la Comisi\u00f3n Interamericana para el Control del Abuso de Drogas, CICAD\/ OEA, para desarrollar capacitaciones en temas espec\u00edficos; as\u00ed como con la empresa privada, de quienes tambi\u00e9n se ha recibido apoyo.<\/span><\/p>\n<\/div><\/div><\/div><\/div><div id=\"pg-3262-1\"  class=\"panel-grid panel-no-style\" ><div id=\"pgc-3262-1-0\"  class=\"panel-grid-cell\" ><div id=\"panel-3262-1-0-0\" class=\"so-panel widget widget_black-studio-tinymce widget_black_studio_tinymce panel-first-child\" data-index=\"1\" ><div class=\"textwidget\"><p style=\"text-align: center;\"><a href=\"https:\/\/www.seguridad.gob.sv\/cna\/wp-content\/uploads\/2021\/06\/WhatsApp-Image-2021-05-20-at-2.39.42-PM-2.jpeg\"><img class=\"alignnone size-large wp-image-3256\" src=\"https:\/\/www.seguridad.gob.sv\/cna\/wp-content\/uploads\/2021\/06\/WhatsApp-Image-2021-05-20-at-2.39.42-PM-2-1024x768.jpeg\" alt=\"\" width=\"1024\" height=\"768\" \/><\/a><\/p>\n<\/div><\/div><div id=\"panel-3262-1-0-1\" class=\"so-panel widget widget_black-studio-tinymce widget_black_studio_tinymce panel-last-child\" data-index=\"2\" ><div class=\"textwidget\"><p><a href=\"https:\/\/www.seguridad.gob.sv\/cna\/wp-content\/uploads\/2021\/06\/WhatsApp-Image-2021-05-20-at-2.39.44-PM.jpeg\"><img class=\"size-large wp-image-3257 aligncenter\" src=\"https:\/\/www.seguridad.gob.sv\/cna\/wp-content\/uploads\/2021\/06\/WhatsApp-Image-2021-05-20-at-2.39.44-PM-1024x768.jpeg\" alt=\"\" width=\"1024\" height=\"768\" \/><\/a><\/p>\n<\/div><\/div><\/div><\/div><\/div>","protected":false},"excerpt":{"rendered":"<p>El \u00c1rea de Control de Sustancias, a trav\u00e9s del Grupo de Control de Sustancias, grupo t\u00e9cnico conformado por representantes de la Direcci\u00f3n Nacional de Medicamentos, Polic\u00eda Nacional Civil y Direcci\u00f3n General de Aduanas; y&#46;&#46;&#46;<\/p>\n","protected":false},"author":1,"featured_media":0,"parent":0,"menu_order":0,"comment_status":"closed","ping_status":"closed","template":"","meta":[],"_links":{"self":[{"href":"https:\/\/www.seguridad.gob.sv\/cna\/index.php?rest_route=\/wp\/v2\/pages\/3262"}],"collection":[{"href":"https:\/\/www.seguridad.gob.sv\/cna\/index.php?rest_route=\/wp\/v2\/pages"}],"about":[{"href":"https:\/\/www.seguridad.gob.sv\/cna\/index.php?rest_route=\/wp\/v2\/types\/page"}],"author":[{"embeddable":true,"href":"https:\/\/www.seguridad.gob.sv\/cna\/index.php?rest_route=\/wp\/v2\/users\/1"}],"replies":[{"embeddable":true,"href":"https:\/\/www.seguridad.gob.sv\/cna\/index.php?rest_route=%2Fwp%2Fv2%2Fcomments&post=3262"}],"version-history":[{"count":5,"href":"https:\/\/www.seguridad.gob.sv\/cna\/index.php?rest_route=\/wp\/v2\/pages\/3262\/revisions"}],"predecessor-version":[{"id":3269,"href":"https:\/\/www.seguridad.gob.sv\/cna\/index.php?rest_route=\/wp\/v2\/pages\/3262\/revisions\/3269"}],"wp:attachment":[{"href":"https:\/\/www.seguridad.gob.sv\/cna\/index.php?rest_route=%2Fwp%2Fv2%2Fmedia&parent=3262"}],"curies":[{"name":"wp","href":"https:\/\/api.w.org\/{rel}","templated":true}]}}