{"id":3719,"date":"2022-07-08T17:49:56","date_gmt":"2022-07-08T17:49:56","guid":{"rendered":"https:\/\/www.seguridad.gob.sv\/cna\/?page_id=3719"},"modified":"2024-05-30T15:29:30","modified_gmt":"2024-05-30T15:29:30","slug":"sat-alertas-archivos","status":"publish","type":"page","link":"https:\/\/www.seguridad.gob.sv\/cna\/?page_id=3719","title":{"rendered":"SAT Alertas (CNA-El Salvador)"},"content":{"rendered":"<div id=\"pl-3719\"  class=\"panel-layout\" ><div id=\"pg-3719-0\"  class=\"panel-grid panel-no-style\" ><div id=\"pgc-3719-0-0\"  class=\"panel-grid-cell\" ><div id=\"panel-3719-0-0-0\" class=\"so-panel widget widget_black-studio-tinymce widget_black_studio_tinymce panel-first-child panel-last-child\" data-index=\"0\" ><div class=\"textwidget\"><p><img class=\"aligncenter wp-image-4479 size-medium\" src=\"https:\/\/www.seguridad.gob.sv\/cna\/wp-content\/uploads\/2023\/05\/SAT-LOGO_Mesa-de-trabajo-_v1-300x181.png\" alt=\"\" width=\"300\" height=\"181\" \/><\/p>\n<\/div><\/div><\/div><\/div><div id=\"pg-3719-1\"  class=\"panel-grid panel-no-style\" ><div id=\"pgc-3719-1-0\"  class=\"panel-grid-cell\" ><div id=\"panel-3719-1-0-0\" class=\"so-panel widget widget_black-studio-tinymce widget_black_studio_tinymce panel-first-child panel-last-child\" data-index=\"1\" ><div class=\"textwidget\"><p style=\"text-align: justify;\"><span style=\"font-size: 14pt; font-family: georgia, palatino, serif;\">El Salvador cuenta con un Sistema de Alerta Temprana - SAT, coordinado por la Comisi\u00f3n Nacional Antidrogas, por medio del Observatorio Salvadore\u00f1o sobre Drogas, definido como un mecanismo de alertas a partir de\u00a0 una oportuna detecci\u00f3n de nuevas sustancias psicoactivas o drogas emergentes en el pa\u00eds, caracterizaci\u00f3n qu\u00edmica de la sustancia, evaluaci\u00f3n de los riesgos asociados con el uso, para generar y emitir alertas a partir de la evidencia cient\u00edfica, y difundirlas entre las instituciones relacionadas y al p\u00fablico en general.<\/span><\/p>\n<p style=\"text-align: justify;\"><span style=\"font-size: 14pt; font-family: georgia, palatino, serif;\">Para el SAT se cuenta con una red en la que participan diferentes instituciones vinculadas con el tema, las que se detallan: Polic\u00eda Nacional Civil por medio del Laboratorio de Sustancias Controladas de la Divisi\u00f3n de An\u00e1lisis T\u00e9cnico Cient\u00edfico Forense y la Divisi\u00f3n Antinarc\u00f3ticos, la Direcci\u00f3n Nacional de Medicamentos, el Ministerio de Salud, el Fondo Solidario para la salud y la CNA (por medio del Observatorio).<\/span><\/p>\n<p><span style=\"color: #3366ff; font-size: 14pt;\"><a style=\"color: #3366ff;\" href=\"https:\/\/www.seguridad.gob.sv\/cna\/wp-content\/uploads\/2023\/07\/DOCUMENTO-SAT-FINAL-_opt.pdf\" target=\"_blank\" rel=\"noopener\">Descargar Documento Informativo del SAT.<\/a><\/span><\/p>\n<p>&nbsp;<\/p>\n<p><span style=\"font-family: georgia, palatino, serif; font-size: 14pt;\">El Sistema de Alerta Temprana se nutre de informaci\u00f3n del Observatorio Salvadore\u00f1o sobre drogas. Actualmente se han realizado seis alertas p\u00fablicas, las cuales se desglosan:<\/span><\/p>\n<p>&nbsp;<\/p>\n<p><strong><span style=\"font-size: 18pt;\">ALERTAS PUBLICADAS:<\/span><\/strong><\/p>\n<p>&nbsp;<\/p>\n<\/div><\/div><\/div><\/div><div id=\"pg-3719-2\"  class=\"panel-grid panel-no-style\" ><div id=\"pgc-3719-2-0\"  class=\"panel-grid-cell panel-grid-cell-empty\" ><\/div><\/div><\/div>","protected":false},"excerpt":{"rendered":"<p>El Salvador cuenta con un Sistema de Alerta Temprana &#8211; SAT, coordinado por la Comisi\u00f3n Nacional Antidrogas, por medio del Observatorio Salvadore\u00f1o sobre Drogas, definido como un mecanismo de alertas a partir de\u00a0 una&#46;&#46;&#46;<\/p>\n","protected":false},"author":1,"featured_media":0,"parent":0,"menu_order":0,"comment_status":"closed","ping_status":"closed","template":"","meta":[],"_links":{"self":[{"href":"https:\/\/www.seguridad.gob.sv\/cna\/index.php?rest_route=\/wp\/v2\/pages\/3719"}],"collection":[{"href":"https:\/\/www.seguridad.gob.sv\/cna\/index.php?rest_route=\/wp\/v2\/pages"}],"about":[{"href":"https:\/\/www.seguridad.gob.sv\/cna\/index.php?rest_route=\/wp\/v2\/types\/page"}],"author":[{"embeddable":true,"href":"https:\/\/www.seguridad.gob.sv\/cna\/index.php?rest_route=\/wp\/v2\/users\/1"}],"replies":[{"embeddable":true,"href":"https:\/\/www.seguridad.gob.sv\/cna\/index.php?rest_route=%2Fwp%2Fv2%2Fcomments&post=3719"}],"version-history":[{"count":26,"href":"https:\/\/www.seguridad.gob.sv\/cna\/index.php?rest_route=\/wp\/v2\/pages\/3719\/revisions"}],"predecessor-version":[{"id":5489,"href":"https:\/\/www.seguridad.gob.sv\/cna\/index.php?rest_route=\/wp\/v2\/pages\/3719\/revisions\/5489"}],"wp:attachment":[{"href":"https:\/\/www.seguridad.gob.sv\/cna\/index.php?rest_route=%2Fwp%2Fv2%2Fmedia&parent=3719"}],"curies":[{"name":"wp","href":"https:\/\/api.w.org\/{rel}","templated":true}]}}