{"id":5904,"date":"2024-08-29T19:17:21","date_gmt":"2024-08-29T19:17:21","guid":{"rendered":"https:\/\/www.seguridad.gob.sv\/cna\/?page_id=5904"},"modified":"2024-08-29T20:11:41","modified_gmt":"2024-08-29T20:11:41","slug":"centros-ambulatorios","status":"publish","type":"page","link":"https:\/\/www.seguridad.gob.sv\/cna\/?page_id=5904","title":{"rendered":"Centros Ambulatorios"},"content":{"rendered":"<div id=\"pl-5904\"  class=\"panel-layout\" ><div id=\"pg-5904-0\"  class=\"panel-grid panel-no-style\" ><div id=\"pgc-5904-0-0\"  class=\"panel-grid-cell panel-grid-cell-empty\" ><\/div><div id=\"pgc-5904-0-1\"  class=\"panel-grid-cell\" ><div id=\"panel-5904-0-1-0\" class=\"so-panel widget widget_black-studio-tinymce widget_black_studio_tinymce panel-first-child panel-last-child\" data-index=\"0\" ><div class=\"textwidget\"><h1 style=\"text-align: center;\"><span style=\"font-size: 36pt;\"><strong>CENTROS AMBULATORIOS<\/strong><\/span><\/h1>\n<\/div><\/div><\/div><div id=\"pgc-5904-0-2\"  class=\"panel-grid-cell panel-grid-cell-empty panel-grid-cell-mobile-last\" ><\/div><div id=\"pgc-5904-0-3\"  class=\"panel-grid-cell panel-grid-cell-empty\" ><\/div><\/div><div id=\"pg-5904-1\"  class=\"panel-grid panel-no-style\" ><div id=\"pgc-5904-1-0\"  class=\"panel-grid-cell panel-grid-cell-empty\" ><\/div><div id=\"pgc-5904-1-1\"  class=\"panel-grid-cell\" ><div id=\"panel-5904-1-1-0\" class=\"so-panel widget widget_media_image panel-first-child panel-last-child\" data-index=\"1\" ><img width=\"3426\" height=\"3500\" src=\"https:\/\/www.seguridad.gob.sv\/cna\/wp-content\/uploads\/2024\/08\/FOSALUD_recortado.png\" class=\"image wp-image-5924  attachment-full size-full\" alt=\"\" decoding=\"async\" loading=\"lazy\" style=\"max-width: 100%; height: auto;\" srcset=\"https:\/\/www.seguridad.gob.sv\/cna\/wp-content\/uploads\/2024\/08\/FOSALUD_recortado.png 3426w, https:\/\/www.seguridad.gob.sv\/cna\/wp-content\/uploads\/2024\/08\/FOSALUD_recortado-294x300.png 294w, https:\/\/www.seguridad.gob.sv\/cna\/wp-content\/uploads\/2024\/08\/FOSALUD_recortado-1002x1024.png 1002w, https:\/\/www.seguridad.gob.sv\/cna\/wp-content\/uploads\/2024\/08\/FOSALUD_recortado-768x785.png 768w, https:\/\/www.seguridad.gob.sv\/cna\/wp-content\/uploads\/2024\/08\/FOSALUD_recortado-1504x1536.png 1504w, https:\/\/www.seguridad.gob.sv\/cna\/wp-content\/uploads\/2024\/08\/FOSALUD_recortado-2005x2048.png 2005w\" sizes=\"(max-width: 3426px) 100vw, 3426px\" \/><\/div><\/div><div id=\"pgc-5904-1-2\"  class=\"panel-grid-cell panel-grid-cell-mobile-last\" ><div id=\"panel-5904-1-2-0\" class=\"so-panel widget widget_black-studio-tinymce widget_black_studio_tinymce panel-first-child panel-last-child\" data-index=\"2\" ><div class=\"textwidget\"><h4><\/h4>\n<h4><\/h4>\n<p>&nbsp;<\/p>\n<p>&nbsp;<\/p>\n<p>&nbsp;<\/p>\n<h4 style=\"text-align: justify;\"><span style=\"font-size: 14pt;\">En los <strong>7 Centros<\/strong>, distribuidos en todo el pa\u00eds, los pacientes reciben una atenci\u00f3n integral, brindada por m\u00e9dicos, psic\u00f3logos, psiquiatras, enfermeras y trabajadores sociales. Luego de evaluado el estado general de salud de los pacientes, se incorporan a sesiones de terapias grupales. Si es requerido, los pacientes son tratados con medicamentos especializados.<\/span><\/h4>\n<p><a href=\"https:\/\/fosalud.gob.sv\/4766-2\/\" target=\"_blank\" rel=\"noopener\"><img class=\"alignnone wp-image-2617\" title=\"Presiona sobre la imagen para ir al Sitio Web\" src=\"https:\/\/www.seguridad.gob.sv\/cna\/wp-content\/uploads\/2020\/06\/sitio.jpg\" alt=\"\" width=\"56\" height=\"56\" \/><\/a><\/p>\n<\/div><\/div><\/div><div id=\"pgc-5904-1-3\"  class=\"panel-grid-cell panel-grid-cell-empty\" ><\/div><\/div><div id=\"pg-5904-2\"  class=\"panel-grid panel-no-style\" ><div id=\"pgc-5904-2-0\"  class=\"panel-grid-cell panel-grid-cell-empty\" ><\/div><div id=\"pgc-5904-2-1\"  class=\"panel-grid-cell panel-grid-cell-mobile-last\" ><div id=\"panel-5904-2-1-0\" class=\"so-panel widget widget_media_image panel-first-child panel-last-child\" data-index=\"3\" ><img width=\"1024\" height=\"824\" src=\"https:\/\/www.seguridad.gob.sv\/cna\/wp-content\/uploads\/2024\/08\/MAPA-4-FINAAL-03-1024x824.png\" class=\"image wp-image-5977  attachment-large size-large\" alt=\"\" decoding=\"async\" loading=\"lazy\" style=\"max-width: 100%; height: auto;\" srcset=\"https:\/\/www.seguridad.gob.sv\/cna\/wp-content\/uploads\/2024\/08\/MAPA-4-FINAAL-03-1024x824.png 1024w, https:\/\/www.seguridad.gob.sv\/cna\/wp-content\/uploads\/2024\/08\/MAPA-4-FINAAL-03-300x242.png 300w, https:\/\/www.seguridad.gob.sv\/cna\/wp-content\/uploads\/2024\/08\/MAPA-4-FINAAL-03-768x618.png 768w, https:\/\/www.seguridad.gob.sv\/cna\/wp-content\/uploads\/2024\/08\/MAPA-4-FINAAL-03-1536x1237.png 1536w, https:\/\/www.seguridad.gob.sv\/cna\/wp-content\/uploads\/2024\/08\/MAPA-4-FINAAL-03-2048x1649.png 2048w\" sizes=\"(max-width: 1024px) 100vw, 1024px\" \/><\/div><\/div><div id=\"pgc-5904-2-2\"  class=\"panel-grid-cell panel-grid-cell-empty\" ><\/div><\/div><div id=\"pg-5904-3\"  class=\"panel-grid panel-no-style\" ><div id=\"pgc-5904-3-0\"  class=\"panel-grid-cell\" ><div id=\"panel-5904-3-0-0\" class=\"so-panel widget widget_black-studio-tinymce widget_black_studio_tinymce panel-first-child panel-last-child\" data-index=\"4\" ><div class=\"textwidget\"><p style=\"text-align: justify;\"><span style=\"font-size: 14pt;\">Centro de Prevenci\u00f3n y Tratamiento de Adicciones de Fosalud, ubicado en el <strong>Hospital Rosales<\/strong>, puedes llamar a los tel\u00e9fonos 2231-9200 extensi\u00f3n 209 y al celular 6307-8659. Direcci\u00f3n: primera planta del edificio de especialidades (Ex Seguro Social) del hospital Rosales, en final calle Arce y 25 avenida sur, San Salvador. (Ingreso por la primera calle poniente).<\/span><\/p>\n<p>&nbsp;<\/p>\n<p style=\"text-align: justify;\"><span style=\"font-size: 14pt;\">Centro de Prevenci\u00f3n y Tratamiento de Adicciones de Fosalud, ubicado en el <strong>Hospital Santa Gertrudis de San Vicente<\/strong>, puedes llamar al 2393 9500 extensi\u00f3n 9567 o al celular 7633-4980 (WhatsApp) y al 7478-9991. Direcci\u00f3n: segunda avenida sur y cuarta calle oriente # 1000, barrio San Francisco, San Vicente.<\/span><\/p>\n<p>&nbsp;<\/p>\n<p style=\"text-align: justify;\"><span style=\"font-size: 14pt;\">Centro de Prevenci\u00f3n y Tratamiento de Adicciones de Fosalud, ubicado en el <strong>Hospital San Juan de Dios de Santa Ana<\/strong>, llama al 2891-5202. Direcci\u00f3n: Final 13 avenida sur #1, Santa Ana.<\/span><\/p>\n<p>&nbsp;<\/p>\n<p style=\"text-align: justify;\"><span style=\"font-size: 14pt;\"><strong>Centro de Prevenci\u00f3n y Tratamiento de Adicciones de Fosalud en San Miguel<\/strong>, puedes llamar al tel\u00e9fono celular 7479-0453. Direcci\u00f3n: calle Las Brisas, Ciudad Jard\u00edn #1602, San Miguel, San Miguel.<\/span><\/p>\n<\/div><\/div><\/div><div id=\"pgc-5904-3-1\"  class=\"panel-grid-cell panel-grid-cell-empty\" ><\/div><div id=\"pgc-5904-3-2\"  class=\"panel-grid-cell\" ><div id=\"panel-5904-3-2-0\" class=\"so-panel widget widget_black-studio-tinymce widget_black_studio_tinymce panel-first-child panel-last-child\" data-index=\"5\" ><div class=\"textwidget\"><p style=\"text-align: justify;\"><span style=\"font-size: 14pt;\">Centro de Prevenci\u00f3n y Tratamiento de Adicciones de Fosalud, ubicado en el <strong>Hospital Nacional Psiqui\u00e1trico<\/strong> \u00abDr. Jos\u00e9 Molina Mart\u00ednez\u00bb, en Soyapango, debes llamar al 2327-0200 extensi\u00f3n 127, o al celular 7806-6300. Direcci\u00f3n: calle La Fuente, cant\u00f3n Venecia, Soyapango, San Salvador.\u00a0 \u00a0 \u00a0 \u00a0 \u00a0 \u00a0 \u00a0 \u00a0 \u00a0 \u00a0 \u00a0 \u00a0 \u00a0 \u00a0 \u00a0 \u00a0 \u00a0 \u00a0 \u00a0 \u00a0 \u00a0 \u00a0 \u00a0 \u00a0 \u00a0 \u00a0 \u00a0 \u00a0 \u00a0 \u00a0 \u00a0 \u00a0 \u00a0 \u00a0 \u00a0 \u00a0 \u00a0 \u00a0 \u00a0 \u00a0 \u00a0 \u00a0 \u00a0 \u00a0 \u00a0 \u00a0 \u00a0 \u00a0 \u00a0 \u00a0 \u00a0 \u00a0 \u00a0 \u00a0 \u00a0 \u00a0 \u00a0 \u00a0 \u00a0 \u00a0 \u00a0 \u00a0 \u00a0 \u00a0 \u00a0 \u00a0 \u00a0 \u00a0 \u00a0 \u00a0 \u00a0 \u00a0 \u00a0 \u00a0 \u00a0 \u00a0 \u00a0 \u00a0 \u00a0 \u00a0 \u00a0 \u00a0 \u00a0 \u00a0 \u00a0 \u00a0 \u00a0 \u00a0 \u00a0 \u00a0 \u00a0 \u00a0 \u00a0 \u00a0 \u00a0 \u00a0 \u00a0 \u00a0 \u00a0\u00a0<\/span><\/p>\n<p>&nbsp;<\/p>\n<p style=\"text-align: justify;\"><span style=\"font-size: 14pt;\">Centro de Prevenci\u00f3n y Tratamiento de Adicciones de Fosalud, ubicado en la \u201c<strong>Casa de Rehabilitaci\u00f3n La Esperanza<\/strong>\u201d Cuscatancingo, San Salvador Direcci\u00f3n: calle a Montecarmelo, entrada al cant\u00f3n Arenales, casa #5, San Luis Mariona. Tel\u00e9fono 2355-8338. Horario de atenci\u00f3n de lunes a viernes de 7:30 a.m. a 3.30 p.m.<\/span><\/p>\n<p>&nbsp;<\/p>\n<p style=\"text-align: justify;\"><span style=\"font-size: 14pt;\">Centro de Prevenci\u00f3n y Tratamiento de Adiciones de Fosalud, ubicado en el <strong>Hospital Nacional San Pedro, Usulut\u00e1n<\/strong>. Final calle Dr. Federico Penado, salida a San Salvador. Tel\u00e9fono 2792-0050. Horario de atenci\u00f3n de lunes a viernes de 7:30 a.m.\u00a0a\u00a03.30\u00a0p.m.<\/span><\/p>\n<\/div><\/div><\/div><\/div><\/div>","protected":false},"excerpt":{"rendered":"<p>CENTROS AMBULATORIOS &nbsp; &nbsp; &nbsp; En los 7 Centros, distribuidos en todo el pa\u00eds, los pacientes reciben una atenci\u00f3n integral, brindada por m\u00e9dicos, psic\u00f3logos, psiquiatras, enfermeras y trabajadores sociales. Luego de evaluado el estado&#46;&#46;&#46;<\/p>\n","protected":false},"author":1,"featured_media":0,"parent":0,"menu_order":0,"comment_status":"closed","ping_status":"closed","template":"","meta":[],"_links":{"self":[{"href":"https:\/\/www.seguridad.gob.sv\/cna\/index.php?rest_route=\/wp\/v2\/pages\/5904"}],"collection":[{"href":"https:\/\/www.seguridad.gob.sv\/cna\/index.php?rest_route=\/wp\/v2\/pages"}],"about":[{"href":"https:\/\/www.seguridad.gob.sv\/cna\/index.php?rest_route=\/wp\/v2\/types\/page"}],"author":[{"embeddable":true,"href":"https:\/\/www.seguridad.gob.sv\/cna\/index.php?rest_route=\/wp\/v2\/users\/1"}],"replies":[{"embeddable":true,"href":"https:\/\/www.seguridad.gob.sv\/cna\/index.php?rest_route=%2Fwp%2Fv2%2Fcomments&post=5904"}],"version-history":[{"count":69,"href":"https:\/\/www.seguridad.gob.sv\/cna\/index.php?rest_route=\/wp\/v2\/pages\/5904\/revisions"}],"predecessor-version":[{"id":5980,"href":"https:\/\/www.seguridad.gob.sv\/cna\/index.php?rest_route=\/wp\/v2\/pages\/5904\/revisions\/5980"}],"wp:attachment":[{"href":"https:\/\/www.seguridad.gob.sv\/cna\/index.php?rest_route=%2Fwp%2Fv2%2Fmedia&parent=5904"}],"curies":[{"name":"wp","href":"https:\/\/api.w.org\/{rel}","templated":true}]}}