{"id":881,"date":"2018-04-18T22:05:07","date_gmt":"2018-04-18T22:05:07","guid":{"rendered":"http:\/\/localhost\/observatorio\/?page_id=881"},"modified":"2018-05-09T14:33:23","modified_gmt":"2018-05-09T14:33:23","slug":"marco-legal","status":"publish","type":"page","link":"https:\/\/www.seguridad.gob.sv\/cna\/?page_id=881","title":{"rendered":"Marco Legal OSD"},"content":{"rendered":"<p><span style=\"font-size: 18pt;\"><strong>LEGISLACI\u00d3N<\/strong><\/span><\/p>\n<ul>\n<li style=\"text-align: justify;\"><span style=\"font-size: 14pt;\"><em><strong>Prop\u00f3sito:\u00a0<\/strong><\/em><\/span>Presentar las normas jur\u00eddicas nacionales e internacionales que regulan todos los \u00e1mbitos relacionados con el fen\u00f3meno de las drogas. Homogenizar la interpretaci\u00f3n y aplicaci\u00f3n de las leyes. Actualizar la legislaci\u00f3n vigente y elaborar normativas legales que faciliten el combate del narcotr\u00e1fico y delitos conexos.<\/li>\n<\/ul>\n<p>&nbsp;<\/p>\n<ul>\n<li style=\"text-align: justify;\"><em style=\"font-size: 14pt;\"><strong>Constituci\u00f3n de la Rep\u00fablica:\u00a0<\/strong><\/em>Titulo I, Capitulo \u00fanico, La persona Humana y los Fines del Estado. Art1.\u00a0\u00a0El Salvador reconoce a la persona humana como el origen y el fin de la actividad del Estado, que est\u00e1 organizado para la consecuci\u00f3n de la justicia, de la seguridad jur\u00eddica y del bien com\u00fan. Asimismo, reconoce como persona humana a todo ser humano desde el instante de la concepci\u00f3n. En consecuencia, es obligaci\u00f3n del Estado asegurar a los habitantes de la Rep\u00fablica, el goce de la libertad, la salud, la cultura, el bienestar econ\u00f3mico y la justicia social&#8230;\u00a0 (<a style=\"text-align: justify;\" href=\"https:\/\/www.seguridad.gob.sv\/cna\/wp-content\/uploads\/2018\/04\/constitucion-de-la-republica.pdf\" target=\"_blank\" rel=\"noopener\">descargar<\/a><span style=\"text-align: justify;\">)<\/span><\/li>\n<\/ul>\n<p>&nbsp;<\/p>\n<p><strong><span style=\"font-size: 18pt;\">NACIONAL<\/span><\/strong><\/p>\n<ul>\n<li><em><strong>Indice de Leyes Nacionales:\u00a0<\/strong><\/em>Es una recopilaci\u00f3n de leyes que tienen poder jur\u00eddico el cual es conferido por la autoridad gubernamental a cargo&#8230; (<a href=\"https:\/\/www.seguridad.gob.sv\/cna\/wp-content\/uploads\/2018\/04\/Indice-de-leyes-nacionales.pdf\" target=\"_blank\" rel=\"noopener\">descargar<\/a>)<\/li>\n<li><em><strong>Indice de Reglamentos:<\/strong><\/em>\u00a0 Es un documento que especifica una norma jur\u00eddica para regular todas las actividades de los miembros&#8230; (<a href=\"https:\/\/www.seguridad.gob.sv\/cna\/wp-content\/uploads\/2018\/04\/Indice-de-Reglamentos.pdf\" target=\"_blank\" rel=\"noopener\">descargar<\/a>)<\/li>\n<li><em><strong>Indice de C\u00f3digos:<\/strong><\/em>\u00a0 Es un listado de c\u00f3digos vigentes sobre\u00a0 el tema de drogas (<a href=\"https:\/\/www.seguridad.gob.sv\/cna\/wp-content\/uploads\/2018\/04\/Indice-de-codigos.pdf\" target=\"_blank\" rel=\"noopener\">descargar<\/a>)<\/li>\n<li><em><strong>Otras Leyes e Instrumentos Legales:\u00a0<\/strong><\/em><a href=\"https:\/\/www.seguridad.gob.sv\/cna\/wp-content\/uploads\/2018\/04\/Otras-leyes-e-instrumentos-legales.pdf\" target=\"_blank\" rel=\"noopener\">\u00a0(descargar)<\/a><\/li>\n<li><em><strong>Publicaciones Leyes, Decretos y Reglamentos.<\/strong><\/em>\n<ul>\n<li>Ley Reguladora de las Actividades Relativas a las Drogas. (<a href=\"https:\/\/www.seguridad.gob.sv\/cna\/wp-content\/uploads\/2018\/04\/NuevaLeydeDrogas2003.pdf\" target=\"_blank\" rel=\"noopener\">descargar<\/a>).<\/li>\n<li>Decreto Legislativo No.253. (<a href=\"https:\/\/www.seguridad.gob.sv\/cna\/wp-content\/uploads\/2018\/04\/Ley-relativa-a-las-drogas-DL-253.pdf\" target=\"_blank\" rel=\"noopener\">descargar<\/a>)<\/li>\n<li>Reforma a la Ley Reguladora de las Actividades Relativas a las Drogas, del 13 de octubre 2003. (<a href=\"https:\/\/www.seguridad.gob.sv\/cna\/wp-content\/uploads\/2018\/04\/decretocna.pdf\" target=\"_blank\" rel=\"noopener\">descargar<\/a>)<\/li>\n<li>Decreto Legislativo No.728.(<a href=\"https:\/\/www.seguridad.gob.sv\/cna\/wp-content\/uploads\/2018\/04\/Decreto-728.pdf\" target=\"_blank\" rel=\"noopener\">descargar<\/a>)<\/li>\n<li>Publicaci\u00f3n en Diario Oficial No.52, Tomo 310, del 15 de marzo de 1991.(<a href=\"https:\/\/www.seguridad.gob.sv\/cna\/wp-content\/uploads\/2018\/04\/decretocna.pdf\" target=\"_blank\" rel=\"noopener\">descargar<\/a>)<\/li>\n<li>Ley Contra el Lavado de Dinero y de Activos.(<a href=\"https:\/\/www.seguridad.gob.sv\/cna\/wp-content\/uploads\/2018\/04\/Ley-contra-el-lavado-de-Dinero-y-Activos-Decreto-498.pdf\" target=\"_blank\" rel=\"noopener\">descargar<\/a>)<\/li>\n<li>Ley para el control de la comercializaci\u00f3n de las Sustancias y Productos de uso Industrial o Artesanal que contenga solventes l\u00edquidos o inhalantes. (<a href=\"https:\/\/www.seguridad.gob.sv\/cna\/wp-content\/uploads\/2018\/04\/Ley-de-Control-de-comercializacion-de-sustancias-Decreto-408.pdf\" target=\"_blank\" rel=\"noopener\">descargar<\/a>)<\/li>\n<li>Ley del consejo Superior de Salud P\u00fablica y de las juntas de vigilancia de las profesiones M\u00e9dicas, Ontol\u00f3gica y Farmac\u00e9utica (<a href=\"https:\/\/www.seguridad.gob.sv\/cna\/wp-content\/uploads\/2018\/04\/Ley-Consejo-Superior-de-Salud-Publica-DECRETO-No.-2699.pdf\" target=\"_blank\" rel=\"noopener\">descargar<\/a>)<\/li>\n<li>Ley de control y regulaci\u00f3n de armas, municiones, explosivos y art\u00edculos similares.(<a href=\"https:\/\/www.seguridad.gob.sv\/cna\/wp-content\/uploads\/2018\/04\/Reglamento-de-Control-y-Relugacion-de-armas.pdf\" target=\"_blank\" rel=\"noopener\">descargar<\/a>)<\/li>\n<li>Ley Reguladora de la producci\u00f3n y comercializaci\u00f3n del alcohol y de las bebidas alcoh\u00f3licas.(<a href=\"https:\/\/www.seguridad.gob.sv\/cna\/wp-content\/uploads\/2018\/04\/Ley-reguladora-de-la-produccion-y-comercializacion-del-alcohol-y-bebidas-alcoholicas.pdf\" target=\"_blank\" rel=\"noopener\">descargar<\/a>)\n<ul>\n<li>Decreto Legislativo No.543 Reformas a la ley reguladora de la producci\u00f3n y comercializaci\u00f3n del alcohol y de las bebidas alcoh\u00f3licas.(<a href=\"https:\/\/www.seguridad.gob.sv\/cna\/wp-content\/uploads\/2018\/04\/Decreto-No.-543-Reformas-a-la-Ley-Reguladora-de-la-Produccion.pdf\" target=\"_blank\" rel=\"noopener\">descargar<\/a>)<\/li>\n<\/ul>\n<\/li>\n<li>Ley de Impuesto de cigarrillos.(<a href=\"https:\/\/www.seguridad.gob.sv\/cna\/wp-content\/uploads\/2018\/04\/Ley-de-Impuesto-de-Cigarrillos.pdf\" target=\"_blank\" rel=\"noopener\">descargar<\/a>)\n<ul>\n<li>Decreto Legislativo No.539: Ley de Impuesto sobre productos del Tabaco.(<a href=\"https:\/\/www.seguridad.gob.sv\/cna\/wp-content\/uploads\/2018\/04\/Decreto-No.-539-Ley-de-Impuestos-sobre-productos-del-tabaco.pdf\" target=\"_blank\" rel=\"noopener\">descargar<\/a>)<\/li>\n<\/ul>\n<\/li>\n<li>Decreto Legislativo No.253: Reformas al Art.34 de la ley reguladora de las actividades relativas a las Drogas, publicado en Diario Oficial No.32, Tomo 362 el 17 de febrero de 2004. (<a href=\"https:\/\/www.seguridad.gob.sv\/cna\/wp-content\/uploads\/2018\/04\/decretocna.pdf\" target=\"_blank\" rel=\"noopener\">descargar<\/a>)<\/li>\n<li>Decreto Legislativo No.215: Reformas a la ley reguladora de las actividades relativas a las Drogas, publicado en Diario Oficial No. 228, Tomo 361, 05 de diciembre de 2003.(<a href=\"https:\/\/www.seguridad.gob.sv\/cna\/wp-content\/uploads\/2018\/04\/Reformas-Ley-Relativa-a-Drogas-D.L.215-Dic.2003.pdf\" target=\"_blank\" rel=\"noopener\">descargar<\/a>)<\/li>\n<li>Decreto Ejecutivo No. 86: Creaci\u00f3n de la comisi\u00f3n salvadore\u00f1a Antidrogas &#8211; COSA, publicado en Diario Oficial No. 193, Tomo 329, octubre de 1995.(<a href=\"https:\/\/www.seguridad.gob.sv\/cna\/wp-content\/uploads\/2018\/04\/Decreto-Ejecutivo-86-Creacion-de-la-comision-salvadore\u00f1a-antidrogas-cosa.pdf\" target=\"_blank\" rel=\"noopener\">descargar<\/a>)\n<ul>\n<li>Reformas al Decreto Ejecutivo No. 86: Creaci\u00f3n de la comisi\u00f3n salvadore\u00f1a Antidrogas &#8211; COSA, publicado en Diario Oficial del 18 de noviembre de 1999.(<a href=\"https:\/\/www.seguridad.gob.sv\/cna\/wp-content\/uploads\/2018\/04\/Decreto-No.-53.pdf\" target=\"_blank\" rel=\"noopener\">descargar<\/a>)<\/li>\n<\/ul>\n<\/li>\n<li>Decreto Ejecutivo No. 52: Creaci\u00f3n de la comisi\u00f3n Antinarco actividad, publicada en el Diario Oficial No. 215, Tomo 345 del 18 de noviembre de 1999.(<a href=\"https:\/\/www.seguridad.gob.sv\/cna\/wp-content\/uploads\/2018\/04\/DECRETO-Creacion-CAN.pdf\" target=\"_blank\" rel=\"noopener\">descargar<\/a>)<\/li>\n<li>Reglamento de Estupefacientes, Psicotr\u00f3picos, Precursores, Sustancias y Productos Qu\u00edmicos y Agregados.(<a href=\"https:\/\/www.seguridad.gob.sv\/cna\/wp-content\/uploads\/2018\/04\/Decreto-84.pdf\" target=\"_blank\" rel=\"noopener\">descargar<\/a>)<\/li>\n<li>Reglamento de la Ley contra el Lavado de Dinero y de Activos.(<a href=\"https:\/\/www.seguridad.gob.sv\/cna\/wp-content\/uploads\/2018\/04\/Decreto-2.pdf\" target=\"_blank\" rel=\"noopener\">descargar<\/a>)<\/li>\n<\/ul>\n<\/li>\n<\/ul>\n<p>&nbsp;<\/p>\n<p><strong><span style=\"font-size: 18pt;\">INTERNACIONAL<\/span><\/strong><\/p>\n<ul>\n<li>Bilaterales.(<a href=\"https:\/\/www.seguridad.gob.sv\/cna\/wp-content\/uploads\/2018\/04\/BILATERALES.pdf\" target=\"_blank\" rel=\"noopener\">descargar<\/a>).<\/li>\n<li>Multilaterales.(<a href=\"https:\/\/www.seguridad.gob.sv\/cna\/wp-content\/uploads\/2018\/04\/Multilaterales.pdf\" target=\"_blank\" rel=\"noopener\">descargar<\/a>)<\/li>\n<\/ul>\n<p>&nbsp;<\/p>\n","protected":false},"excerpt":{"rendered":"<p>LEGISLACI\u00d3N Prop\u00f3sito:\u00a0Presentar las normas jur\u00eddicas nacionales e internacionales que regulan todos los \u00e1mbitos relacionados con el fen\u00f3meno de las drogas. Homogenizar la interpretaci\u00f3n y aplicaci\u00f3n de las leyes. Actualizar la legislaci\u00f3n vigente y elaborar&#46;&#46;&#46;<\/p>\n","protected":false},"author":1,"featured_media":0,"parent":0,"menu_order":0,"comment_status":"closed","ping_status":"closed","template":"","meta":[],"_links":{"self":[{"href":"https:\/\/www.seguridad.gob.sv\/cna\/index.php?rest_route=\/wp\/v2\/pages\/881"}],"collection":[{"href":"https:\/\/www.seguridad.gob.sv\/cna\/index.php?rest_route=\/wp\/v2\/pages"}],"about":[{"href":"https:\/\/www.seguridad.gob.sv\/cna\/index.php?rest_route=\/wp\/v2\/types\/page"}],"author":[{"embeddable":true,"href":"https:\/\/www.seguridad.gob.sv\/cna\/index.php?rest_route=\/wp\/v2\/users\/1"}],"replies":[{"embeddable":true,"href":"https:\/\/www.seguridad.gob.sv\/cna\/index.php?rest_route=%2Fwp%2Fv2%2Fcomments&post=881"}],"version-history":[{"count":43,"href":"https:\/\/www.seguridad.gob.sv\/cna\/index.php?rest_route=\/wp\/v2\/pages\/881\/revisions"}],"predecessor-version":[{"id":1650,"href":"https:\/\/www.seguridad.gob.sv\/cna\/index.php?rest_route=\/wp\/v2\/pages\/881\/revisions\/1650"}],"wp:attachment":[{"href":"https:\/\/www.seguridad.gob.sv\/cna\/index.php?rest_route=%2Fwp%2Fv2%2Fmedia&parent=881"}],"curies":[{"name":"wp","href":"https:\/\/api.w.org\/{rel}","templated":true}]}}