{"id":1943,"date":"2019-03-22T16:55:17","date_gmt":"2019-03-22T16:55:17","guid":{"rendered":"http:\/\/www.seguridad.gob.sv\/dia\/?page_id=1943"},"modified":"2019-08-30T16:07:02","modified_gmt":"2019-08-30T16:07:02","slug":"encuesta-de-victimizacion","status":"publish","type":"page","link":"https:\/\/www.seguridad.gob.sv\/dia\/monitoreo-y-evaluacion\/encuesta-de-victimizacion\/","title":{"rendered":"Encuestas de Victimizaci\u00f3n"},"content":{"rendered":"<p><img decoding=\"async\" loading=\"lazy\" class=\"aligncenter wp-image-2319\" src=\"http:\/\/www.seguridad.gob.sv\/dia\/wp-content\/uploads\/2019\/08\/Logo-MJSP2019-2-e1567181178256-300x182.png\" alt=\"\" width=\"450\" height=\"274\" srcset=\"https:\/\/www.seguridad.gob.sv\/dia\/wp-content\/uploads\/2019\/08\/Logo-MJSP2019-2-e1567181178256-300x182.png 300w, https:\/\/www.seguridad.gob.sv\/dia\/wp-content\/uploads\/2019\/08\/Logo-MJSP2019-2-e1567181178256-768x467.png 768w, https:\/\/www.seguridad.gob.sv\/dia\/wp-content\/uploads\/2019\/08\/Logo-MJSP2019-2-e1567181178256.png 1056w\" sizes=\"(max-width: 450px) 100vw, 450px\" \/><\/p>\n<p style=\"text-align: justify;\">La Encuesta de Victimizaci\u00f3n y Percepci\u00f3n de Inseguridad en el marco del Plan El Salvador Seguro (PESS), llamada tambi\u00e9n Encuesta de Cultura de Paz, es realizada a pedido del Consejo Nacional de Seguridad Ciudadana (CNSCC). Es un instrumento de captura de informaci\u00f3n basado en el cuestionario nuclear de la Iniciativa para la encuesta de victimizaci\u00f3n delictiva en Latinoam\u00e9rica y el Caribe (VICLAC), para recopilar la informaci\u00f3n necesaria para la construcci\u00f3n de los indicadores de percepci\u00f3n contemplados en el Sistema de Monitoreo y Evaluaci\u00f3n del PESS.<\/p>\n<p>El Sistema de Monitoreo del PESS consta de 80 indicadores, de los cuales 13 son de tipo perceptivos y se obtienen de la Encuesta. Adicionalmente, al ser basado en la VICLAC-LACSI, el cuestionario permite tambi\u00e9n obtener comparabilidad de indicadores a nivel regional. En particular, permite la estimaci\u00f3n de dos indicadores globales del Objetivo de Desarrollo Sostenible 16: Paz, Justicia e Instituciones S\u00f3lidas: <em>16.1.4. Proporci\u00f3n de la poblaci\u00f3n que no tiene miedo de caminar sola cerca de donde vive;<\/em> y, el <em>16.3.1. Proporci\u00f3n de v\u00edctimas de violencia en los 12 meses anteriores que notificaron su victimizaci\u00f3n a las autoridades competentes u otros mecanismos de resoluci\u00f3n de conflictos reconocidos oficialmente.<\/em><\/p>\n<p>La encuesta aborda temas sobre la percepci\u00f3n de seguridad de las personas y su valoraci\u00f3n sobre el desempe\u00f1o de las autoridades p\u00fablicas encargadas de la seguridad ciudadana; aspectos sobre victimizaci\u00f3n en delitos durante los \u00faltimos 12 meses; el uso de espacios p\u00fablicos cercanos a sus colonias\/comunidades; entre otros aspectos. La poblaci\u00f3n objetivo es aquella que reside de forma permanente en viviendas particulares dentro del territorio nacional. Se consideraron a las personas de 18 a\u00f1os o m\u00e1s, que saben leer y escribir como informantes calificados. Los menores de 18 a\u00f1os no participan, por requerirse un consentimiento informado.<\/p>\n<p>El tipo de muestreo utilizado es probabil\u00edstico, por lo que los resultados obtenidos de las encuestas para los a\u00f1os 2017 y 2018 se generalizan a toda la poblaci\u00f3n de 18 a\u00f1os o m\u00e1s en El Salvador. El dise\u00f1o de la muestra es triet\u00e1pico, estratificado y por conglomerados, donde la unidad \u00faltima de selecci\u00f3n es la persona que al momento de la entrevista cumpla con la condici\u00f3n de tener 18 a\u00f1os o m\u00e1s.<\/p>\n<p>El desarrollo de las encuestas y de la publicaci\u00f3n ha sido posible gracias a la cooperaci\u00f3n de la Agencia de los Estados Unidas para el Desarrollo Internacional (USAID), a trav\u00e9s del proyecto \u201cInfosegura\u201d, ejecutado por el Programa de las Naciones Unidas para el Desarrollo.<\/p>\n<p>A continuaci\u00f3n se ponen a disposici\u00f3n del p\u00fablico los archivos de las bases de datos de las encuestas 2017 y 2018, en formatos \u201cdta\u201d (compatible con Stata, R y otros), adem\u00e1s en \u201ccsv\u201d, cumpliendo con el est\u00e1ndar de datos abiertos, asi como la tarjeta y el formulario que ayuda a la interpretaci\u00f3n de las variables.<\/p>\n<p><img decoding=\"async\" loading=\"lazy\" class=\"alignnone wp-image-2019\" src=\"http:\/\/www.seguridad.gob.sv\/dia\/wp-content\/uploads\/2019\/04\/portada_encuenta_cultura_paz-1.png\" alt=\"\" width=\"250\" height=\"316\" \/><\/p>\n<p><a href=\"http:\/\/www.seguridad.gob.sv\/dia\/download\/informe-encuesta-de-victimizacion\/?wpdmdl=2010&amp;masterkey=5ca4be53be312\"><img decoding=\"async\" loading=\"lazy\" class=\"alignnone size-full wp-image-2065\" src=\"http:\/\/www.seguridad.gob.sv\/dia\/wp-content\/uploads\/2019\/04\/descargar-1.png\" alt=\"\" width=\"134\" height=\"35\" \/><\/a><\/p>\n<div class='w3eden'><!-- WPDM Link Template: Default Template -->\n\n\n<div class=\"link-template-default card mb-2\">\n    <div class=\"card-body\">\n        <div class=\"media stack-xs\">\n            <div class=\"media-body\">\n                <div class=\"media\">\n                    <div class=\"mr-3 img-48\"><img class=\"wpdm_icon\" alt=\"Icono\"   src=\"http:\/\/www.seguridad.gob.sv\/dia\/wp-content\/plugins\/download-manager\/assets\/file-type-icons\/zip.svg\" \/><\/div>\n                    <div class=\"media-body\">\n                        <h3 class=\"package-title\"><a href='https:\/\/www.seguridad.gob.sv\/dia\/download\/encuesta-cultura-de-paz-2018\/'>Base de datos encuesta cultura de paz 2018<\/a><\/h3>\n                        <div class=\"text-muted text-small\"><i class=\"fas fa-copy\"><\/i> 1 archivo (s) <i class=\"fas fa-hdd ml-3\"><\/i> 1.62 MB<\/div>\n                    <\/div>\n                <\/div>\n            <\/div>\n            <div class=\"ml-3 wpdmdl-btn\">\n                <a class='wpdm-download-link download-on-click btn btn-primary btn-xs' rel='nofollow' href='#' data-downloadurl=\"https:\/\/www.seguridad.gob.sv\/dia\/download\/encuesta-cultura-de-paz-2018\/?wpdmdl=2007&refresh=69f4318f4632f1777611151\">Descargar<\/a>\n            <\/div>\n        <\/div>\n    <\/div>\n<\/div>\n\n\n<\/div>\n<div class='w3eden'><!-- WPDM Link Template: Default Template -->\n\n\n<div class=\"link-template-default card mb-2\">\n    <div class=\"card-body\">\n        <div class=\"media stack-xs\">\n            <div class=\"media-body\">\n                <div class=\"media\">\n                    <div class=\"mr-3 img-48\"><img class=\"wpdm_icon\" alt=\"Icono\"   src=\"http:\/\/www.seguridad.gob.sv\/dia\/wp-content\/plugins\/download-manager\/assets\/file-type-icons\/zip.svg\" \/><\/div>\n                    <div class=\"media-body\">\n                        <h3 class=\"package-title\"><a href='https:\/\/www.seguridad.gob.sv\/dia\/download\/encuesta-cultura-de-paz-2017\/'>Base de datos encuesta cultura de paz 2017<\/a><\/h3>\n                        <div class=\"text-muted text-small\"><i class=\"fas fa-copy\"><\/i> 1 archivo (s) <i class=\"fas fa-hdd ml-3\"><\/i> 1.15 MB<\/div>\n                    <\/div>\n                <\/div>\n            <\/div>\n            <div class=\"ml-3 wpdmdl-btn\">\n                <a class='wpdm-download-link download-on-click btn btn-primary btn-xs' rel='nofollow' href='#' data-downloadurl=\"https:\/\/www.seguridad.gob.sv\/dia\/download\/encuesta-cultura-de-paz-2017\/?wpdmdl=2001&refresh=69f4318f470af1777611151\">Descargar<\/a>\n            <\/div>\n        <\/div>\n    <\/div>\n<\/div>\n\n\n<\/div>\n","protected":false},"excerpt":{"rendered":"<p>La Encuesta de Victimizaci\u00f3n y Percepci\u00f3n de Inseguridad en el marco del Plan El Salvador Seguro (PESS), llamada tambi\u00e9n Encuesta de Cultura de Paz, es realizada a pedido del Consejo Nacional de Seguridad Ciudadana&#46;&#46;&#46;<\/p>\n","protected":false},"author":2,"featured_media":0,"parent":493,"menu_order":0,"comment_status":"closed","ping_status":"closed","template":"","meta":[],"_links":{"self":[{"href":"https:\/\/www.seguridad.gob.sv\/dia\/wp-json\/wp\/v2\/pages\/1943"}],"collection":[{"href":"https:\/\/www.seguridad.gob.sv\/dia\/wp-json\/wp\/v2\/pages"}],"about":[{"href":"https:\/\/www.seguridad.gob.sv\/dia\/wp-json\/wp\/v2\/types\/page"}],"author":[{"embeddable":true,"href":"https:\/\/www.seguridad.gob.sv\/dia\/wp-json\/wp\/v2\/users\/2"}],"replies":[{"embeddable":true,"href":"https:\/\/www.seguridad.gob.sv\/dia\/wp-json\/wp\/v2\/comments?post=1943"}],"version-history":[{"count":84,"href":"https:\/\/www.seguridad.gob.sv\/dia\/wp-json\/wp\/v2\/pages\/1943\/revisions"}],"predecessor-version":[{"id":2321,"href":"https:\/\/www.seguridad.gob.sv\/dia\/wp-json\/wp\/v2\/pages\/1943\/revisions\/2321"}],"up":[{"embeddable":true,"href":"https:\/\/www.seguridad.gob.sv\/dia\/wp-json\/wp\/v2\/pages\/493"}],"wp:attachment":[{"href":"https:\/\/www.seguridad.gob.sv\/dia\/wp-json\/wp\/v2\/media?parent=1943"}],"curies":[{"name":"wp","href":"https:\/\/api.w.org\/{rel}","templated":true}]}}