{"id":2078,"date":"2019-05-15T20:48:23","date_gmt":"2019-05-15T20:48:23","guid":{"rendered":"http:\/\/www.seguridad.gob.sv\/dia\/?page_id=2078"},"modified":"2019-08-30T16:08:41","modified_gmt":"2019-08-30T16:08:41","slug":"encuesta-violencia-ninez","status":"publish","type":"page","link":"https:\/\/www.seguridad.gob.sv\/dia\/monitoreo-y-evaluacion\/encuesta-violencia-ninez\/","title":{"rendered":"Encuesta Violencia Ni\u00f1ez"},"content":{"rendered":"<p style=\"text-align: left;\"><img decoding=\"async\" loading=\"lazy\" class=\"aligncenter wp-image-2084\" src=\"http:\/\/www.seguridad.gob.sv\/dia\/wp-content\/uploads\/2019\/05\/encuesta_v_ni\u00f1ez.png\" alt=\"\" width=\"300\" height=\"390\" \/><\/p>\n<p style=\"text-align: justify;\">En el a\u00f1o 2016, la Organizaci\u00f3n Internacional para las Migraciones (OIM) propuso al Ministerio de Justicia y Seguridad P\u00fablica, la realizaci\u00f3n de una encuesta para la medici\u00f3n del impacto de la violencia sobre la ni\u00f1ez, adolescencia y juventud de El Salvador, basada en un esfuerzo impulsado por el Centro para el Control de Enfermedades (CDC, por sus siglas en ingl\u00e9s) mismo que se ha desarrollado ya en diversos pa\u00edses del mundo e invitaba a El Salvador a ser uno de los pa\u00edses pioneros en Am\u00e9rica Latina en tal esfuerzo haciendo \u00e9nfasis en un componente espec\u00edfico para el pa\u00eds: el impacto de la migraci\u00f3n y su relaci\u00f3n con la violencia sufrida por la ni\u00f1ez y la adolescencia.<\/p>\n<p style=\"text-align: justify;\">La iniciativa es coherente con los compromisos que el Estado salvadore\u00f1o tiene en el plano global, como pa\u00eds parte de la Agenda de los Objetivos de Desarrollo Sostenible (ODS) 2030 donde ha sido pionero en su implementaci\u00f3n y seguimiento. Dicha agenda, incluye en su Objetivo 16 (ODS16) sobre <em>sociedades pac\u00edficas, justas e inclusivas,<\/em> la reducci\u00f3n de la violencia y espec\u00edficamente en el numeral 16.2 establece <em>\u201cponer fin al maltrato, la explotaci\u00f3n, la trata, la tortura y todas las formas de violencia contra los ni\u00f1os.\u201d<\/em><\/p>\n<p style=\"text-align: justify;\">Con este contexto, el prop\u00f3sito de la Encuesta sobre Violencia contra Ni\u00f1os, Ni\u00f1as y Adolescentes El Salvador fue estimar (1) la prevalencia de la violencia infantil (f\u00edsica, sexual y emocional), definida como aquella violencia que ocurre antes de los 18 a\u00f1os, entre los 18 y 24 a\u00f1os, y (2) la prevalencia de la violencia en los 12 meses antes de la encuesta entre adolescentes (de 13 a 17 a\u00f1os) y personas adultas j\u00f3venes (de 18 a 24 a\u00f1os).<\/p>\n<p style=\"text-align: justify;\">Para lograr estos prop\u00f3sitos, la EVCNNA El Salvador evalu\u00f3 las experiencias de mujeres y hombres entre los 13 y 24 a\u00f1os, por medio de una encuesta de hogares representativa a nivel nacional. Se seleccionaron adolescentes y j\u00f3venes entre los 13 y los 24 a\u00f1os porque pod\u00edan entender las preguntas de forma m\u00e1s confiable y reportar experiencias de violencia infantil.<\/p>\n<p style=\"text-align: justify;\">La encuesta visibiliza c\u00f3mo la violencia, en sus modalidades f\u00edsicas, emocionales y sexuales, incluyendo la realizada a trav\u00e9s de medios virtuales o cibern\u00e9ticos, afecta a estos grupos etarios, las diferencias por sexo, edad y situaci\u00f3n de migraci\u00f3n en el hogar. La encuesta tambi\u00e9n sirve como una l\u00ednea de base para la adecuaci\u00f3n, mejora o creaci\u00f3n de nuevos programas de prevenci\u00f3n de la violencia, as\u00ed como de protecci\u00f3n de la ni\u00f1ez y la adolescencia en el pa\u00eds.<\/p>\n<p style=\"text-align: justify;\">En un esfuerzo conjunto, se dio acompa\u00f1amiento al proceso de adaptaci\u00f3n del instrumento al lenguaje local, as\u00ed como tambi\u00e9n al an\u00e1lisis de los resultados y en la generaci\u00f3n de propuestas para pol\u00edticas p\u00fablicas derivadas de los an\u00e1lisis. En el proceso participaron, adem\u00e1s del Consejo Nacional de la Ni\u00f1ez y de la Adolescencia (CONNA), la Direcci\u00f3n General de Estad\u00edstica y Censos (DIGESTYC), el Instituto Salvadore\u00f1o para el Desarrollo Integral de la Ni\u00f1ez y la Adolescencia (ISNA), el Instituto Nacional de la Juventud (INJUVE) y la Procuradur\u00eda para la Defensa de los Derechos Humanos (PDDH).<\/p>\n<p style=\"text-align: justify;\">En este esfuerzo, es importante destacar el trabajo realizado por la Direcci\u00f3n General de Estad\u00edsticas y Censos (DIGESTYC) que, con la asistencia t\u00e9cnica de OIM y de CDC, constituyeron un equipo especializado para el levantamiento de la encuesta, bajo una metodolog\u00eda adaptada a la naturaleza y tem\u00e1ticas que abord\u00f3, considerando aspectos que podr\u00edan resultar sensibles para la persona encuestada o su entorno.<\/p>\n<p style=\"text-align: justify;\">Se agradece la realizaci\u00f3n de esta importante iniciativa impulsada por OIM y CDC, con el apoyo de la Agencia de los Estados Unidos para el Desarrollo Internacional (USAID, por sus siglas en ingl\u00e9s), el cual se viene a sumar al esfuerzo por generar informaci\u00f3n especializada, abierta, as\u00ed como el uso de evidencia para el impulso y desarrollo de pol\u00edticas p\u00fablicas.<\/p>\n<div class='w3eden'><!-- WPDM Link Template: Default Template -->\n\n\n<div class=\"link-template-default card mb-2\">\n    <div class=\"card-body\">\n        <div class=\"media stack-xs\">\n            <div class=\"media-body\">\n                <div class=\"media\">\n                    <div class=\"mr-3 img-48\"><img class=\"wpdm_icon\" alt=\"Icono\"   src=\"http:\/\/www.seguridad.gob.sv\/dia\/wp-content\/plugins\/download-manager\/assets\/file-type-icons\/pdf.svg\" \/><\/div>\n                    <div class=\"media-body\">\n                        <h3 class=\"package-title\"><a href='https:\/\/www.seguridad.gob.sv\/dia\/download\/informe-vacs-esa\/'>Informe EVNA<\/a><\/h3>\n                        <div class=\"text-muted text-small\"><i class=\"fas fa-copy\"><\/i> 1 archivo (s) <i class=\"fas fa-hdd ml-3\"><\/i> 34.02 MB<\/div>\n                    <\/div>\n                <\/div>\n            <\/div>\n            <div class=\"ml-3 wpdmdl-btn\">\n                <a class='wpdm-download-link download-on-click btn btn-primary btn-xs' rel='nofollow' href='#' data-downloadurl=\"https:\/\/www.seguridad.gob.sv\/dia\/download\/informe-vacs-esa\/?wpdmdl=2094&refresh=6a02079600d0d1778517910\">Descargar<\/a>\n            <\/div>\n        <\/div>\n    <\/div>\n<\/div>\n\n\n<\/div>\n<div class='w3eden'><!-- WPDM Link Template: Default Template -->\n\n\n<div class=\"link-template-default card mb-2\">\n    <div class=\"card-body\">\n        <div class=\"media stack-xs\">\n            <div class=\"media-body\">\n                <div class=\"media\">\n                    <div class=\"mr-3 img-48\"><img class=\"wpdm_icon\" alt=\"Icono\"   src=\"http:\/\/www.seguridad.gob.sv\/dia\/wp-content\/plugins\/download-manager\/assets\/file-type-icons\/pdf.svg\" \/><\/div>\n                    <div class=\"media-body\">\n                        <h3 class=\"package-title\"><a href='https:\/\/www.seguridad.gob.sv\/dia\/download\/infografia-vacs-esa\/'>Infograf\u00eda EVNA<\/a><\/h3>\n                        <div class=\"text-muted text-small\"><i class=\"fas fa-copy\"><\/i> 1 archivo (s) <i class=\"fas fa-hdd ml-3\"><\/i> 13.17 MB<\/div>\n                    <\/div>\n                <\/div>\n            <\/div>\n            <div class=\"ml-3 wpdmdl-btn\">\n                <a class='wpdm-download-link download-on-click btn btn-primary btn-xs' rel='nofollow' href='#' data-downloadurl=\"https:\/\/www.seguridad.gob.sv\/dia\/download\/infografia-vacs-esa\/?wpdmdl=2091&refresh=6a02079601b101778517910\">Descargar<\/a>\n            <\/div>\n        <\/div>\n    <\/div>\n<\/div>\n\n\n<\/div>\n<div class='w3eden'><!-- WPDM Link Template: Default Template -->\n\n\n<div class=\"link-template-default card mb-2\">\n    <div class=\"card-body\">\n        <div class=\"media stack-xs\">\n            <div class=\"media-body\">\n                <div class=\"media\">\n                    <div class=\"mr-3 img-48\"><img class=\"wpdm_icon\" alt=\"Icono\"   src=\"http:\/\/www.seguridad.gob.sv\/dia\/wp-content\/plugins\/download-manager\/assets\/file-type-icons\/pdf.svg\" \/><\/div>\n                    <div class=\"media-body\">\n                        <h3 class=\"package-title\"><a href='https:\/\/www.seguridad.gob.sv\/dia\/download\/infografia-migracion_violencia\/'>Infograf\u00eda EVNA Migraci\u00f3n y Violencia<\/a><\/h3>\n                        <div class=\"text-muted text-small\"><i class=\"fas fa-copy\"><\/i> 1 archivo (s) <i class=\"fas fa-hdd ml-3\"><\/i> 1.59 MB<\/div>\n                    <\/div>\n                <\/div>\n            <\/div>\n            <div class=\"ml-3 wpdmdl-btn\">\n                <a class='wpdm-download-link download-on-click btn btn-primary btn-xs' rel='nofollow' href='#' data-downloadurl=\"https:\/\/www.seguridad.gob.sv\/dia\/download\/infografia-migracion_violencia\/?wpdmdl=2089&refresh=6a020796023651778517910\">Descargar<\/a>\n            <\/div>\n        <\/div>\n    <\/div>\n<\/div>\n\n\n<\/div>\n<div class='w3eden'><!-- WPDM Link Template: Default Template -->\n\n\n<div class=\"link-template-default card mb-2\">\n    <div class=\"card-body\">\n        <div class=\"media stack-xs\">\n            <div class=\"media-body\">\n                <div class=\"media\">\n                    <div class=\"mr-3 img-48\"><img class=\"wpdm_icon\" alt=\"Icono\"   src=\"http:\/\/www.seguridad.gob.sv\/dia\/wp-content\/plugins\/download-manager\/assets\/file-type-icons\/zip.svg\" \/><\/div>\n                    <div class=\"media-body\">\n                        <h3 class=\"package-title\"><a href='https:\/\/www.seguridad.gob.sv\/dia\/download\/base-de-datos-y-recursos-evna\/'>Base de datos y recursos EVNA<\/a><\/h3>\n                        <div class=\"text-muted text-small\"><i class=\"fas fa-copy\"><\/i> 1 archivo (s) <i class=\"fas fa-hdd ml-3\"><\/i> 2.28 MB<\/div>\n                    <\/div>\n                <\/div>\n            <\/div>\n            <div class=\"ml-3 wpdmdl-btn\">\n                <a class='wpdm-download-link download-on-click btn btn-primary btn-xs' rel='nofollow' href='#' data-downloadurl=\"https:\/\/www.seguridad.gob.sv\/dia\/download\/base-de-datos-y-recursos-evna\/?wpdmdl=2127&refresh=6a02079602b111778517910\">Descargar<\/a>\n            <\/div>\n        <\/div>\n    <\/div>\n<\/div>\n\n\n<\/div>\n","protected":false},"excerpt":{"rendered":"<p>En el a\u00f1o 2016, la Organizaci\u00f3n Internacional para las Migraciones (OIM) propuso al Ministerio de Justicia y Seguridad P\u00fablica, la realizaci\u00f3n de una encuesta para la medici\u00f3n del impacto de la violencia sobre la&#46;&#46;&#46;<\/p>\n","protected":false},"author":1,"featured_media":0,"parent":493,"menu_order":0,"comment_status":"closed","ping_status":"closed","template":"","meta":[],"_links":{"self":[{"href":"https:\/\/www.seguridad.gob.sv\/dia\/wp-json\/wp\/v2\/pages\/2078"}],"collection":[{"href":"https:\/\/www.seguridad.gob.sv\/dia\/wp-json\/wp\/v2\/pages"}],"about":[{"href":"https:\/\/www.seguridad.gob.sv\/dia\/wp-json\/wp\/v2\/types\/page"}],"author":[{"embeddable":true,"href":"https:\/\/www.seguridad.gob.sv\/dia\/wp-json\/wp\/v2\/users\/1"}],"replies":[{"embeddable":true,"href":"https:\/\/www.seguridad.gob.sv\/dia\/wp-json\/wp\/v2\/comments?post=2078"}],"version-history":[{"count":17,"href":"https:\/\/www.seguridad.gob.sv\/dia\/wp-json\/wp\/v2\/pages\/2078\/revisions"}],"predecessor-version":[{"id":2322,"href":"https:\/\/www.seguridad.gob.sv\/dia\/wp-json\/wp\/v2\/pages\/2078\/revisions\/2322"}],"up":[{"embeddable":true,"href":"https:\/\/www.seguridad.gob.sv\/dia\/wp-json\/wp\/v2\/pages\/493"}],"wp:attachment":[{"href":"https:\/\/www.seguridad.gob.sv\/dia\/wp-json\/wp\/v2\/media?parent=2078"}],"curies":[{"name":"wp","href":"https:\/\/api.w.org\/{rel}","templated":true}]}}