{"id":2601,"date":"2020-09-29T20:47:57","date_gmt":"2020-09-29T20:47:57","guid":{"rendered":"https:\/\/www.seguridad.gob.sv\/dia\/?page_id=2601"},"modified":"2020-09-29T20:57:59","modified_gmt":"2020-09-29T20:57:59","slug":"acuerdo-interistitucional","status":"publish","type":"page","link":"https:\/\/www.seguridad.gob.sv\/dia\/acuerdo-interistitucional\/","title":{"rendered":"Acuerdo Interistitucional"},"content":{"rendered":"<p><img decoding=\"async\" loading=\"lazy\" class=\"wp-image-2319 size-medium aligncenter\" src=\"https:\/\/www.seguridad.gob.sv\/dia\/wp-content\/uploads\/2019\/08\/Logo-MJSP2019-2-e1567181178256-300x182.png\" alt=\"\" width=\"300\" height=\"182\" srcset=\"https:\/\/www.seguridad.gob.sv\/dia\/wp-content\/uploads\/2019\/08\/Logo-MJSP2019-2-e1567181178256-300x182.png 300w, https:\/\/www.seguridad.gob.sv\/dia\/wp-content\/uploads\/2019\/08\/Logo-MJSP2019-2-e1567181178256-768x467.png 768w, https:\/\/www.seguridad.gob.sv\/dia\/wp-content\/uploads\/2019\/08\/Logo-MJSP2019-2-e1567181178256.png 1056w\" sizes=\"(max-width: 300px) 100vw, 300px\" \/><\/p>\n<p>Dada la diversidad de puntos de ingreso de denuncias o avisos de hechos delictivos, cada instituci\u00f3n registra un n\u00famero de eventos que en ocasiones no coincide con el de otra instituci\u00f3n, por lo anterior, en el a\u00f1o 2005 el entonces Ministerio de Gobernaci\u00f3n, la Fiscal\u00eda General de la Rep\u00fablica y la Corte Suprema de Justicia acordaron la creaci\u00f3n de una mesa de homologaci\u00f3n de estad\u00edsticas de muertes violentas, la cual construye un dato \u00fanico y com\u00fan para las instituciones involucradas.<\/p>\n<p>Teniendo en cuenta esta buena pr\u00e1ctica, en el a\u00f1o 2018 se ampl\u00eda la mesa de homicidios, para cuantificar adem\u00e1s los feminicidios. A continuaci\u00f3n se pone a disposici\u00f3n el Acuerdo de Cooperaci\u00f3n y Fortalecimiento Insterinstitucional para Conciliar Cifras de Homicidios y Feminicidios, entre el Ministerio de Justicia y Seguridad P\u00fablica, La Fiscal\u00eda General de la Rep\u00fablica y la Corte Suprema de Justicia.<\/p>\n<div class='w3eden'><!-- WPDM Link Template: Default Template -->\n\n\n<div class=\"link-template-default card mb-2\">\n    <div class=\"card-body\">\n        <div class=\"media stack-xs\">\n            <div class=\"media-body\">\n                <div class=\"media\">\n                    <div class=\"mr-3 img-48\"><img class=\"wpdm_icon\" alt=\"Icono\"   src=\"https:\/\/www.seguridad.gob.sv\/dia\/wp-content\/plugins\/download-manager\/assets\/file-type-icons\/pdf.svg\" \/><\/div>\n                    <div class=\"media-body\">\n                        <h3 class=\"package-title\"><a href='https:\/\/www.seguridad.gob.sv\/dia\/download\/acuerdo-interinstitucional\/'>Acuerdo Interinstitucional<\/a><\/h3>\n                        <div class=\"text-muted text-small\"><i class=\"fas fa-copy\"><\/i> 1 archivo (s) <i class=\"fas fa-hdd ml-3\"><\/i> 2.40 MB<\/div>\n                    <\/div>\n                <\/div>\n            <\/div>\n            <div class=\"ml-3 wpdmdl-btn\">\n                <a class='wpdm-download-link download-on-click btn btn-primary btn-xs' rel='nofollow' href='#' data-downloadurl=\"https:\/\/www.seguridad.gob.sv\/dia\/download\/acuerdo-interinstitucional\/?wpdmdl=2592&refresh=69e1e4ef19d461776411887\">Descargar<\/a>\n            <\/div>\n        <\/div>\n    <\/div>\n<\/div>\n\n\n<\/div>\n\n\n<p><\/p>\n","protected":false},"excerpt":{"rendered":"<p>Dada la diversidad de puntos de ingreso de denuncias o avisos de hechos delictivos, cada instituci\u00f3n registra un n\u00famero de eventos que en ocasiones no coincide con el de otra instituci\u00f3n, por lo anterior,&#46;&#46;&#46;<\/p>\n","protected":false},"author":1,"featured_media":0,"parent":0,"menu_order":0,"comment_status":"closed","ping_status":"closed","template":"","meta":[],"_links":{"self":[{"href":"https:\/\/www.seguridad.gob.sv\/dia\/wp-json\/wp\/v2\/pages\/2601"}],"collection":[{"href":"https:\/\/www.seguridad.gob.sv\/dia\/wp-json\/wp\/v2\/pages"}],"about":[{"href":"https:\/\/www.seguridad.gob.sv\/dia\/wp-json\/wp\/v2\/types\/page"}],"author":[{"embeddable":true,"href":"https:\/\/www.seguridad.gob.sv\/dia\/wp-json\/wp\/v2\/users\/1"}],"replies":[{"embeddable":true,"href":"https:\/\/www.seguridad.gob.sv\/dia\/wp-json\/wp\/v2\/comments?post=2601"}],"version-history":[{"count":5,"href":"https:\/\/www.seguridad.gob.sv\/dia\/wp-json\/wp\/v2\/pages\/2601\/revisions"}],"predecessor-version":[{"id":2608,"href":"https:\/\/www.seguridad.gob.sv\/dia\/wp-json\/wp\/v2\/pages\/2601\/revisions\/2608"}],"wp:attachment":[{"href":"https:\/\/www.seguridad.gob.sv\/dia\/wp-json\/wp\/v2\/media?parent=2601"}],"curies":[{"name":"wp","href":"https:\/\/api.w.org\/{rel}","templated":true}]}}