{"id":491,"date":"2017-08-25T17:46:44","date_gmt":"2017-08-25T17:46:44","guid":{"rendered":"http:\/\/www.seguridad.gob.sv\/dia\/?page_id=491"},"modified":"2021-06-25T15:46:42","modified_gmt":"2021-06-25T15:46:42","slug":"sistema-de-informacion-sobre-trata-de-personas","status":"publish","type":"page","link":"https:\/\/www.seguridad.gob.sv\/dia\/sistema-de-informacion-sobre-trata-de-personas\/","title":{"rendered":"SISTEMA DE INFORMACI\u00d3N SOBRE TRATA DE PERSONAS"},"content":{"rendered":"<div id=\"pl-491\"  class=\"panel-layout\" ><div id=\"pg-491-0\"  class=\"panel-grid panel-no-style\" ><div id=\"pgc-491-0-0\"  class=\"panel-grid-cell\" ><div id=\"panel-491-0-0-0\" class=\"so-panel widget widget_sow-editor panel-first-child panel-last-child\" data-index=\"0\" ><div class=\"so-widget-sow-editor so-widget-sow-editor-base\">\n<div class=\"siteorigin-widget-tinymce textwidget\">\n\t<div style=\"text-align: justify;\">\n<div>\n<p><img decoding=\"async\" loading=\"lazy\" class=\"aligncenter wp-image-1031 size-full\" src=\"http:\/\/www.seguridad.gob.sv\/dia\/wp-content\/uploads\/2017\/12\/SistemaTrataPersonas-e1563307737788.png\" alt=\"\" width=\"335\" height=\"241\" \/><\/p>\n<\/div>\n<\/div>\n<div>\n<p style=\"text-align: justify;\">La Ley Especial contra la Trata de Personas estableci\u00f3 la creaci\u00f3n de un Sistema Nacional de Informaci\u00f3n sobre Trata de Personas el cual desarrolla en su art\u00edculo 46, donde dispone que: \u201c(\u2026) ser\u00e1 un instrumento de recolecci\u00f3n, procesamiento y an\u00e1lisis de informaci\u00f3n estad\u00edstica y acad\u00e9mica sobre caracter\u00edsticas y dimensiones de la trata interna y externa en El Salvador, sus causas y efectos; y servir\u00e1 de base para la formulaci\u00f3n de pol\u00edticas, programas y planes estrat\u00e9gicos, as\u00ed como para medir el cumplimiento de los objetivos trazados en la Pol\u00edtica, su Plan Nacional de Acci\u00f3n y los programas y proyectos que se deriven de ellos.<\/p>\n<p style=\"text-align: justify;\">Para tales efectos, la Direcci\u00f3n de Informaci\u00f3n y An\u00e1lisis del Ministerio de Justicia y Seguridad P\u00fablica crear\u00e1, desarrollar\u00e1, coordinar\u00e1 y mantendr\u00e1 la operaci\u00f3n de dicho Sistema, por medio de la Secretar\u00eda Ejecutiva que recoger\u00e1 y sistematizar\u00e1 la informaci\u00f3n que suministren las distintas unidades y entidades que integran el Consejo, y los resultados de las investigaciones acad\u00e9micas, sociales, judiciales y criminol\u00f3gicas. Estos datos ser\u00e1n actualizados peri\u00f3dicamente.\u201d<\/p>\n<\/div>\n<\/div>\n<\/div><\/div><\/div><\/div><\/div>","protected":false},"excerpt":{"rendered":"<p>La Ley Especial contra la Trata de Personas estableci\u00f3 la creaci\u00f3n de un Sistema Nacional de Informaci\u00f3n sobre Trata de Personas el cual desarrolla en su art\u00edculo 46, donde dispone que: \u201c(\u2026) ser\u00e1 un&#46;&#46;&#46;<\/p>\n","protected":false},"author":1,"featured_media":0,"parent":0,"menu_order":0,"comment_status":"closed","ping_status":"closed","template":"","meta":[],"_links":{"self":[{"href":"https:\/\/www.seguridad.gob.sv\/dia\/wp-json\/wp\/v2\/pages\/491"}],"collection":[{"href":"https:\/\/www.seguridad.gob.sv\/dia\/wp-json\/wp\/v2\/pages"}],"about":[{"href":"https:\/\/www.seguridad.gob.sv\/dia\/wp-json\/wp\/v2\/types\/page"}],"author":[{"embeddable":true,"href":"https:\/\/www.seguridad.gob.sv\/dia\/wp-json\/wp\/v2\/users\/1"}],"replies":[{"embeddable":true,"href":"https:\/\/www.seguridad.gob.sv\/dia\/wp-json\/wp\/v2\/comments?post=491"}],"version-history":[{"count":19,"href":"https:\/\/www.seguridad.gob.sv\/dia\/wp-json\/wp\/v2\/pages\/491\/revisions"}],"predecessor-version":[{"id":2804,"href":"https:\/\/www.seguridad.gob.sv\/dia\/wp-json\/wp\/v2\/pages\/491\/revisions\/2804"}],"wp:attachment":[{"href":"https:\/\/www.seguridad.gob.sv\/dia\/wp-json\/wp\/v2\/media?parent=491"}],"curies":[{"name":"wp","href":"https:\/\/api.w.org\/{rel}","templated":true}]}}