{"id":712,"date":"2017-08-30T21:05:40","date_gmt":"2017-08-30T21:05:40","guid":{"rendered":"http:\/\/www.seguridad.gob.sv\/dia\/?page_id=712"},"modified":"2019-09-03T13:31:26","modified_gmt":"2019-09-03T13:31:26","slug":"plan-quinquenal-de-desarrollo","status":"publish","type":"page","link":"https:\/\/www.seguridad.gob.sv\/dia\/monitoreo-y-evaluacion\/plan-quinquenal-de-desarrollo\/","title":{"rendered":"Plan Quinquenal de Desarrollo"},"content":{"rendered":"<p><a href=\"http:\/\/190.5.135.86\/KPI\/es\/0\/BSS\"><img decoding=\"async\" loading=\"lazy\" class=\"aligncenter wp-image-713\" src=\"http:\/\/www.seguridad.gob.sv\/dia\/wp-content\/uploads\/2017\/08\/plan-quinquenal-de-desarrollo-2014-2019-el-salvador-productivo-educado-y-seguro-1-638.jpg\" alt=\"\" width=\"264\" height=\"342\" \/><\/a><\/p>\n<p style=\"text-align: justify;\">El Plan Quinquenal de Desarrollo contiene un objetivo espec\u00edfico en materia de seguridad el cual es: \u201cIncrementar los niveles de seguridad ciudadana\u201d<\/p>\n<p style=\"text-align: justify;\">La Secretar\u00eda T\u00e9cnica de Planificaci\u00f3n (SETEPLAN) cuenta con un subsistema de seguimiento y monitoreo del PQD en el cual se pueden visualizar los avances en el cumplimiento del objetivo. <strong><a href=\"http:\/\/190.5.135.86\/KPI\/es\/0\/BSS\" target=\"_blank\" rel=\"noopener noreferrer\">V\u00ednculo al sitio<\/a><\/strong><\/p>\n<p><a href=\"http:\/\/190.5.135.86\/KPI\/es\/0\/BSS\"><div class='w3eden'><!-- WPDM Link Template: Default Template -->\n\n\n<div class=\"link-template-default card mb-2\">\n    <div class=\"card-body\">\n        <div class=\"media stack-xs\">\n            <div class=\"media-body\">\n                <div class=\"media\">\n                    <div class=\"mr-3 img-48\"><img class=\"wpdm_icon\" alt=\"Icono\" src=\"https:\/\/www.seguridad.gob.sv\/dia\/wp-content\/plugins\/download-manager\/assets\/file-type-icons\/pdf.svg\" onError='this.src=\"https:\/\/www.seguridad.gob.sv\/dia\/wp-content\/plugins\/download-manager\/assets\/file-type-icons\/unknown.svg\";' \/><\/div>\n                    <div class=\"media-body\">\n                        <h3 class=\"package-title\"><a href='https:\/\/www.seguridad.gob.sv\/dia\/download\/plan-quinquenal-de-desarrollo-2014-2019\/'>Plan Quinquenal de Desarrollo 2014 - 2019<\/a><\/h3>\n                        <div class=\"text-muted text-small\"><i class=\"fas fa-copy\"><\/i> 1 archivo (s) <i class=\"fas fa-hdd ml-3\"><\/i> 9.41 MB<\/div>\n                    <\/div>\n                <\/div>\n            <\/div>\n            <div class=\"ml-3 wpdmdl-btn\">\n                <a class='wpdm-download-link download-on-click btn btn-primary btn-xs' rel='nofollow' href='#' data-downloadurl=\"https:\/\/www.seguridad.gob.sv\/dia\/download\/plan-quinquenal-de-desarrollo-2014-2019\/?wpdmdl=837&refresh=69e765619abac1776772449\">Descargar<\/a>\n            <\/div>\n        <\/div>\n    <\/div>\n<\/div>\n\n\n<\/div><\/a><\/p>\n\n\n<p><\/p>\n","protected":false},"excerpt":{"rendered":"<p>El Plan Quinquenal de Desarrollo contiene un objetivo espec\u00edfico en materia de seguridad el cual es: \u201cIncrementar los niveles de seguridad ciudadana\u201d La Secretar\u00eda T\u00e9cnica de Planificaci\u00f3n (SETEPLAN) cuenta con un subsistema de seguimiento&#46;&#46;&#46;<\/p>\n","protected":false},"author":1,"featured_media":0,"parent":493,"menu_order":0,"comment_status":"closed","ping_status":"closed","template":"","meta":[],"_links":{"self":[{"href":"https:\/\/www.seguridad.gob.sv\/dia\/wp-json\/wp\/v2\/pages\/712"}],"collection":[{"href":"https:\/\/www.seguridad.gob.sv\/dia\/wp-json\/wp\/v2\/pages"}],"about":[{"href":"https:\/\/www.seguridad.gob.sv\/dia\/wp-json\/wp\/v2\/types\/page"}],"author":[{"embeddable":true,"href":"https:\/\/www.seguridad.gob.sv\/dia\/wp-json\/wp\/v2\/users\/1"}],"replies":[{"embeddable":true,"href":"https:\/\/www.seguridad.gob.sv\/dia\/wp-json\/wp\/v2\/comments?post=712"}],"version-history":[{"count":24,"href":"https:\/\/www.seguridad.gob.sv\/dia\/wp-json\/wp\/v2\/pages\/712\/revisions"}],"predecessor-version":[{"id":2350,"href":"https:\/\/www.seguridad.gob.sv\/dia\/wp-json\/wp\/v2\/pages\/712\/revisions\/2350"}],"up":[{"embeddable":true,"href":"https:\/\/www.seguridad.gob.sv\/dia\/wp-json\/wp\/v2\/pages\/493"}],"wp:attachment":[{"href":"https:\/\/www.seguridad.gob.sv\/dia\/wp-json\/wp\/v2\/media?parent=712"}],"curies":[{"name":"wp","href":"https:\/\/api.w.org\/{rel}","templated":true}]}}