{"id":720,"date":"2017-08-30T21:14:19","date_gmt":"2017-08-30T21:14:19","guid":{"rendered":"http:\/\/www.seguridad.gob.sv\/dia\/?page_id=720"},"modified":"2019-08-30T16:02:35","modified_gmt":"2019-08-30T16:02:35","slug":"objetivo-de-desarrollo-sostenible-16","status":"publish","type":"page","link":"https:\/\/www.seguridad.gob.sv\/dia\/monitoreo-y-evaluacion\/objetivo-de-desarrollo-sostenible-16\/","title":{"rendered":"Objetivo de Desarrollo Sostenible 5 y 16"},"content":{"rendered":"<div id=\"pl-720\"  class=\"panel-layout\" ><div id=\"pg-720-0\"  class=\"panel-grid panel-no-style\" ><div id=\"pgc-720-0-0\"  class=\"panel-grid-cell panel-grid-cell-empty\" ><\/div><div id=\"pgc-720-0-1\"  class=\"panel-grid-cell\" ><div id=\"panel-720-0-1-0\" class=\"so-panel widget widget_media_image panel-first-child panel-last-child\" data-index=\"0\" ><a href=\"http:\/\/190.5.135.86\/KPI_FORM_QUA\/es\/0\/BSS\/Persp\/Grafpers_Show\/%20%20%20133\" target=\"_blank\" rel=\"noopener\"><img width=\"200\" height=\"200\" src=\"https:\/\/www.seguridad.gob.sv\/dia\/wp-content\/uploads\/2018\/09\/ODS5.jpeg\" class=\"image wp-image-1854  attachment-200x200 size-200x200\" alt=\"\" decoding=\"async\" loading=\"lazy\" style=\"max-width: 100%; height: auto;\" \/><\/a><\/div><\/div><div id=\"pgc-720-0-2\"  class=\"panel-grid-cell panel-grid-cell-mobile-last\" ><div id=\"panel-720-0-2-0\" class=\"so-panel widget widget_media_image panel-first-child panel-last-child\" data-index=\"1\" ><a href=\"http:\/\/190.5.135.86\/KPI_FORM_QUA\/es\/0\/BSS\/Persp\/Grafpers_Show\/%20%20%20144\" target=\"_blank\" rel=\"noopener\"><img width=\"200\" height=\"200\" src=\"https:\/\/www.seguridad.gob.sv\/dia\/wp-content\/uploads\/2018\/09\/ODS16.jpeg\" class=\"image wp-image-1855  attachment-200x200 size-200x200\" alt=\"\" decoding=\"async\" loading=\"lazy\" style=\"max-width: 100%; height: auto;\" \/><\/a><\/div><\/div><div id=\"pgc-720-0-3\"  class=\"panel-grid-cell panel-grid-cell-empty\" ><\/div><\/div><div id=\"pg-720-1\"  class=\"panel-grid panel-no-style\" ><div id=\"pgc-720-1-0\"  class=\"panel-grid-cell\" ><div id=\"panel-720-1-0-0\" class=\"so-panel widget widget_sow-editor panel-first-child panel-last-child\" data-index=\"2\" ><div class=\"so-widget-sow-editor so-widget-sow-editor-base\">\n<div class=\"siteorigin-widget-tinymce textwidget\">\n\t<p style=\"text-align: justify;\">Los Objetivos del Desarrollo Sostenible (ODS) son el resultado de un acuerdo global el cual impulsa la adopci\u00f3n de medidas para poner fin a la pobreza, proteger el planeta y garantizar que todas las personas gocen de paz y prosperidad. Son diecisiete objetivos que atienden diversos aspectos claves del desarrollo humano.<\/p>\n<p style=\"text-align: justify;\">El Salvador ha formado parte de los pa\u00edses pioneros en la elaboraci\u00f3n de reportes de avance en la implementaci\u00f3n de iniciativas para el cumplimiento de los ODS.<\/p>\n<p style=\"text-align: justify;\">La Direcci\u00f3n de Informaci\u00f3n y An\u00e1lisis es la encargada de reportar peri\u00f3dicamente resultados sobre indicadores de dos objetivos:<\/p>\n<ul style=\"text-align: justify;\">\n<li>El 5 sobre igualdad de g\u00e9nero en indicadores relativos de reducci\u00f3n de la violencia contra la mujer, ni\u00f1ez y la trata de personas.<\/li>\n<li>El 16 sobre paz, justicia e instituciones s\u00f3lidas en indicadores sobre homicidios (basados en la clasificaci\u00f3n internacional del homicidio), victimizaci\u00f3n de personas, incautaciones de armas de fuego y trata de personas.<\/li>\n<\/ul>\n<p style=\"text-align: justify;\">La Secretar\u00eda T\u00e9cnica de Planificaci\u00f3n (SETEPLAN) cuenta con un subsistema de seguimiento y monitoreo de los ODS, en el cual se pueden visualizar los avances en el cumplimiento de los objetivos por el pa\u00eds.<\/p>\n<\/div>\n<\/div><\/div><\/div><\/div><\/div>","protected":false},"excerpt":{"rendered":"<p>Los Objetivos del Desarrollo Sostenible (ODS) son el resultado de un acuerdo global el cual impulsa la adopci\u00f3n de medidas para poner fin a la pobreza, proteger el planeta y garantizar que todas las&#46;&#46;&#46;<\/p>\n","protected":false},"author":1,"featured_media":0,"parent":493,"menu_order":0,"comment_status":"closed","ping_status":"closed","template":"","meta":[],"_links":{"self":[{"href":"https:\/\/www.seguridad.gob.sv\/dia\/wp-json\/wp\/v2\/pages\/720"}],"collection":[{"href":"https:\/\/www.seguridad.gob.sv\/dia\/wp-json\/wp\/v2\/pages"}],"about":[{"href":"https:\/\/www.seguridad.gob.sv\/dia\/wp-json\/wp\/v2\/types\/page"}],"author":[{"embeddable":true,"href":"https:\/\/www.seguridad.gob.sv\/dia\/wp-json\/wp\/v2\/users\/1"}],"replies":[{"embeddable":true,"href":"https:\/\/www.seguridad.gob.sv\/dia\/wp-json\/wp\/v2\/comments?post=720"}],"version-history":[{"count":29,"href":"https:\/\/www.seguridad.gob.sv\/dia\/wp-json\/wp\/v2\/pages\/720\/revisions"}],"predecessor-version":[{"id":2316,"href":"https:\/\/www.seguridad.gob.sv\/dia\/wp-json\/wp\/v2\/pages\/720\/revisions\/2316"}],"up":[{"embeddable":true,"href":"https:\/\/www.seguridad.gob.sv\/dia\/wp-json\/wp\/v2\/pages\/493"}],"wp:attachment":[{"href":"https:\/\/www.seguridad.gob.sv\/dia\/wp-json\/wp\/v2\/media?parent=720"}],"curies":[{"name":"wp","href":"https:\/\/api.w.org\/{rel}","templated":true}]}}