{"id":722,"date":"2017-08-30T21:16:06","date_gmt":"2017-08-30T21:16:06","guid":{"rendered":"http:\/\/www.seguridad.gob.sv\/dia\/?page_id=722"},"modified":"2018-02-23T09:43:46","modified_gmt":"2018-02-23T09:43:46","slug":"indicadores-de-percepcion-y-victimizacion","status":"publish","type":"page","link":"https:\/\/www.seguridad.gob.sv\/dia\/monitoreo-y-evaluacion\/indicadores-de-percepcion-y-victimizacion\/","title":{"rendered":"Indicadores de percepci\u00f3n y victimizaci\u00f3n"},"content":{"rendered":"<div id=\"pl-722\"  class=\"panel-layout\" ><div id=\"pg-722-0\"  class=\"panel-grid panel-no-style\" ><div id=\"pgc-722-0-0\"  class=\"panel-grid-cell\" ><div id=\"panel-722-0-0-0\" class=\"so-panel widget widget_sow-editor panel-first-child panel-last-child\" data-index=\"0\" ><div class=\"so-widget-sow-editor so-widget-sow-editor-base\">\n<div class=\"siteorigin-widget-tinymce textwidget\">\n\t<h5 style=\"text-align: justify;\">En el marco de la medici\u00f3n de la pobreza multidimensional que adopt\u00f3 el gobierno, la seguridad ha pasado a formar parte de los m\u00f3dulos que conforman la Encuesta de Hogares para Prop\u00f3sitos M\u00faltiples desde el a\u00f1o 2014.<\/h5>\n<h5 style=\"text-align: justify;\">En esta secci\u00f3n presentamos un cubo de los m\u00f3dulos correspondientes a las tem\u00e1ticas de victimizaci\u00f3n y percepci\u00f3n.<\/h5>\n<\/div>\n<\/div><\/div><\/div><\/div><\/div>","protected":false},"excerpt":{"rendered":"<p>En el marco de la medici\u00f3n de la pobreza multidimensional que adopt\u00f3 el gobierno, la seguridad ha pasado a formar parte de los m\u00f3dulos que conforman la Encuesta de Hogares para Prop\u00f3sitos M\u00faltiples desde&#46;&#46;&#46;<\/p>\n","protected":false},"author":1,"featured_media":0,"parent":493,"menu_order":0,"comment_status":"closed","ping_status":"closed","template":"","meta":[],"_links":{"self":[{"href":"https:\/\/www.seguridad.gob.sv\/dia\/wp-json\/wp\/v2\/pages\/722"}],"collection":[{"href":"https:\/\/www.seguridad.gob.sv\/dia\/wp-json\/wp\/v2\/pages"}],"about":[{"href":"https:\/\/www.seguridad.gob.sv\/dia\/wp-json\/wp\/v2\/types\/page"}],"author":[{"embeddable":true,"href":"https:\/\/www.seguridad.gob.sv\/dia\/wp-json\/wp\/v2\/users\/1"}],"replies":[{"embeddable":true,"href":"https:\/\/www.seguridad.gob.sv\/dia\/wp-json\/wp\/v2\/comments?post=722"}],"version-history":[{"count":9,"href":"https:\/\/www.seguridad.gob.sv\/dia\/wp-json\/wp\/v2\/pages\/722\/revisions"}],"predecessor-version":[{"id":1517,"href":"https:\/\/www.seguridad.gob.sv\/dia\/wp-json\/wp\/v2\/pages\/722\/revisions\/1517"}],"up":[{"embeddable":true,"href":"https:\/\/www.seguridad.gob.sv\/dia\/wp-json\/wp\/v2\/pages\/493"}],"wp:attachment":[{"href":"https:\/\/www.seguridad.gob.sv\/dia\/wp-json\/wp\/v2\/media?parent=722"}],"curies":[{"name":"wp","href":"https:\/\/api.w.org\/{rel}","templated":true}]}}