{"id":83,"date":"2016-12-09T19:13:46","date_gmt":"2016-12-09T19:13:46","guid":{"rendered":"http:\/\/www.seguridad.gob.sv\/dia\/?page_id=83"},"modified":"2019-07-16T20:07:22","modified_gmt":"2019-07-16T20:07:22","slug":"trafico-y-trata-de-personas","status":"publish","type":"page","link":"https:\/\/www.seguridad.gob.sv\/dia\/trafico-y-trata-de-personas\/","title":{"rendered":"SISTEMA DE VIOLENCIA CONTRA LAS MUJERES"},"content":{"rendered":"<div id=\"pl-83\"  class=\"panel-layout\" ><div id=\"pg-83-0\"  class=\"panel-grid panel-no-style\" ><div id=\"pgc-83-0-0\"  class=\"panel-grid-cell\" ><div id=\"panel-83-0-0-0\" class=\"so-panel widget widget_sow-editor panel-first-child panel-last-child\" data-index=\"0\" ><div class=\"so-widget-sow-editor so-widget-sow-editor-base\">\n<div class=\"siteorigin-widget-tinymce textwidget\">\n\t<h5><\/h5>\n<p><img decoding=\"async\" loading=\"lazy\" class=\"aligncenter wp-image-1038 size-full\" src=\"http:\/\/www.seguridad.gob.sv\/dia\/wp-content\/uploads\/2017\/12\/SistemaViolenciaMujeres-e1563307637792.png\" alt=\"\" width=\"335\" height=\"167\" \/><\/p>\n<p style=\"text-align: justify;\">En cumplimiento con el Art. 30 de la Ley Especial Integral para una Vida Libre de Violencia para las Mujeres (LEIV) el Ministerio de Justicia y Seguridad P\u00fablica, a trav\u00e9s de la DIA gestiona el Sistema Nacional de Datos, Estad\u00edsticas e Informaci\u00f3n de violencia contra las mujeres, en coordinaci\u00f3n con la Direcci\u00f3n General de Estad\u00edsticas y Censos (DIGESTYC).<\/p>\n<p style=\"text-align: justify;\">El sistema de alimenta de datos e informaciones de diferentes instituciones que registran hechos de violencia hacia la mujer en sus diversas modalidades y se elabora un informe anual exponiendo el estado de situaci\u00f3n.<\/p>\n<h5 style=\"text-align: justify;\"><\/h5>\n<\/div>\n<\/div><\/div><\/div><\/div><\/div>","protected":false},"excerpt":{"rendered":"<p>En cumplimiento con el Art. 30 de la Ley Especial Integral para una Vida Libre de Violencia para las Mujeres (LEIV) el Ministerio de Justicia y Seguridad P\u00fablica, a trav\u00e9s de la DIA gestiona&#46;&#46;&#46;<\/p>\n","protected":false},"author":1,"featured_media":0,"parent":0,"menu_order":0,"comment_status":"closed","ping_status":"closed","template":"","meta":[],"_links":{"self":[{"href":"https:\/\/www.seguridad.gob.sv\/dia\/wp-json\/wp\/v2\/pages\/83"}],"collection":[{"href":"https:\/\/www.seguridad.gob.sv\/dia\/wp-json\/wp\/v2\/pages"}],"about":[{"href":"https:\/\/www.seguridad.gob.sv\/dia\/wp-json\/wp\/v2\/types\/page"}],"author":[{"embeddable":true,"href":"https:\/\/www.seguridad.gob.sv\/dia\/wp-json\/wp\/v2\/users\/1"}],"replies":[{"embeddable":true,"href":"https:\/\/www.seguridad.gob.sv\/dia\/wp-json\/wp\/v2\/comments?post=83"}],"version-history":[{"count":21,"href":"https:\/\/www.seguridad.gob.sv\/dia\/wp-json\/wp\/v2\/pages\/83\/revisions"}],"predecessor-version":[{"id":2297,"href":"https:\/\/www.seguridad.gob.sv\/dia\/wp-json\/wp\/v2\/pages\/83\/revisions\/2297"}],"wp:attachment":[{"href":"https:\/\/www.seguridad.gob.sv\/dia\/wp-json\/wp\/v2\/media?parent=83"}],"curies":[{"name":"wp","href":"https:\/\/api.w.org\/{rel}","templated":true}]}}